{"id":78,"date":"2019-02-06T14:06:28","date_gmt":"2019-02-06T14:06:28","guid":{"rendered":"http:\/\/institutvilley.com\/?page_id=78"},"modified":"2019-07-11T12:43:18","modified_gmt":"2019-07-11T12:43:18","slug":"relations-internationales","status":"publish","type":"page","link":"https:\/\/institutvilley.com\/?page_id=78","title":{"rendered":"Relations internationales"},"content":{"rendered":"<div class=\"fusion-fullwidth fullwidth-box fusion-builder-row-1 nonhundred-percent-fullwidth non-hundred-percent-height-scrolling\"  style='background-color: rgba(255,255,255,0);background-position: center center;background-repeat: no-repeat;padding-top:0px;padding-right:0px;padding-bottom:0px;padding-left:0px;'><div class=\"fusion-builder-row fusion-row \"><div  class=\"fusion-layout-column fusion_builder_column fusion_builder_column_1_5 fusion-builder-column-0 fusion-one-fifth fusion-column-first 1_5\"  style='margin-top:0px;margin-bottom:20px;width:20%;width:calc(20% - ( ( 4% ) * 0.2 ) );margin-right: 4%;'><div class=\"fusion-column-wrapper\" style=\"background-color:#d8e2eb;padding: 0px 10px 0px 10px;background-position:left top;background-repeat:no-repeat;-webkit-background-size:cover;-moz-background-size:cover;-o-background-size:cover;background-size:cover;\"   data-bg-url=\"\"><div class=\"fusion-image-carousel fusion-image-carousel-auto lightbox-enabled fusion-carousel-border\"><div class=\"fusion-carousel\" data-autoplay=\"yes\" data-columns=\"1\" data-itemmargin=\"13\" data-itemwidth=\"180\" data-touchscroll=\"no\" data-imagesize=\"auto\"><div class=\"fusion-carousel-positioner\"><ul class=\"fusion-carousel-holder\"><li class=\"fusion-carousel-item\"><div class=\"fusion-carousel-item-wrapper\"><div class=\"fusion-image-wrapper hover-type-none\"><a data-rel=\"iLightbox[image_carousel_1]\" data-title=\"Logo IMV (GRAND)\" aria-label=\"Logo IMV (GRAND)\" href=\"http:\/\/institutvilley.com\/wp-content\/uploads\/2019\/02\/Logo-imv-grand.jpg\" target=\"_self\"><img loading=\"lazy\" decoding=\"async\" width=\"250\" height=\"250\" src=\"https:\/\/institutvilley.com\/wp-content\/uploads\/2019\/02\/Logo-imv-grand.jpg\" class=\"attachment-full size-full\" alt=\"\" srcset=\"https:\/\/institutvilley.com\/wp-content\/uploads\/2019\/02\/Logo-imv-grand-66x66.jpg 66w, https:\/\/institutvilley.com\/wp-content\/uploads\/2019\/02\/Logo-imv-grand-150x150.jpg 150w, https:\/\/institutvilley.com\/wp-content\/uploads\/2019\/02\/Logo-imv-grand-200x200.jpg 200w, https:\/\/institutvilley.com\/wp-content\/uploads\/2019\/02\/Logo-imv-grand.jpg 250w\" sizes=\"(max-width: 250px) 100vw, 250px\" \/><\/a><\/div><\/div><\/li><li class=\"fusion-carousel-item\"><div class=\"fusion-carousel-item-wrapper\"><div class=\"fusion-image-wrapper hover-type-none\"><a data-rel=\"iLightbox[image_carousel_1]\" data-title=\"Vue de la place du Panth\u00e9on depuis l&rsquo;Institut Villey\" aria-label=\"Vue de la place du Panth\u00e9on depuis l&rsquo;Institut Villey\" href=\"http:\/\/institutvilley.com\/wp-content\/uploads\/2019\/02\/IMG_20190221_171201_175.jpg\" target=\"_self\"><img loading=\"lazy\" decoding=\"async\" width=\"2250\" height=\"2250\" src=\"https:\/\/institutvilley.com\/wp-content\/uploads\/2019\/02\/IMG_20190221_171201_175.jpg\" class=\"attachment-full size-full\" alt=\"\" srcset=\"https:\/\/institutvilley.com\/wp-content\/uploads\/2019\/02\/IMG_20190221_171201_175-66x66.jpg 66w, https:\/\/institutvilley.com\/wp-content\/uploads\/2019\/02\/IMG_20190221_171201_175-150x150.jpg 150w, https:\/\/institutvilley.com\/wp-content\/uploads\/2019\/02\/IMG_20190221_171201_175-200x200.jpg 200w, https:\/\/institutvilley.com\/wp-content\/uploads\/2019\/02\/IMG_20190221_171201_175-300x300.jpg 300w, https:\/\/institutvilley.com\/wp-content\/uploads\/2019\/02\/IMG_20190221_171201_175-400x400.jpg 400w, https:\/\/institutvilley.com\/wp-content\/uploads\/2019\/02\/IMG_20190221_171201_175-600x600.jpg 600w, https:\/\/institutvilley.com\/wp-content\/uploads\/2019\/02\/IMG_20190221_171201_175-768x768.jpg 768w, https:\/\/institutvilley.com\/wp-content\/uploads\/2019\/02\/IMG_20190221_171201_175-800x800.jpg 800w, https:\/\/institutvilley.com\/wp-content\/uploads\/2019\/02\/IMG_20190221_171201_175-1024x1024.jpg 1024w, https:\/\/institutvilley.com\/wp-content\/uploads\/2019\/02\/IMG_20190221_171201_175-1200x1200.jpg 1200w, https:\/\/institutvilley.com\/wp-content\/uploads\/2019\/02\/IMG_20190221_171201_175.jpg 2250w\" sizes=\"(max-width: 2250px) 100vw, 2250px\" \/><\/a><\/div><\/div><\/li><li class=\"fusion-carousel-item\"><div class=\"fusion-carousel-item-wrapper\"><div class=\"fusion-image-wrapper hover-type-none\"><a data-rel=\"iLightbox[image_carousel_1]\" data-title=\"Salle de travail de l&rsquo;Institut Villey\" aria-label=\"Salle de travail de l&rsquo;Institut Villey\" href=\"http:\/\/institutvilley.com\/wp-content\/uploads\/2019\/02\/IMG_20190221_171549_445.jpg\" target=\"_self\"><img loading=\"lazy\" decoding=\"async\" width=\"2250\" height=\"2250\" src=\"https:\/\/institutvilley.com\/wp-content\/uploads\/2019\/02\/IMG_20190221_171549_445.jpg\" class=\"attachment-full size-full\" alt=\"\" srcset=\"https:\/\/institutvilley.com\/wp-content\/uploads\/2019\/02\/IMG_20190221_171549_445-66x66.jpg 66w, https:\/\/institutvilley.com\/wp-content\/uploads\/2019\/02\/IMG_20190221_171549_445-150x150.jpg 150w, https:\/\/institutvilley.com\/wp-content\/uploads\/2019\/02\/IMG_20190221_171549_445-200x200.jpg 200w, https:\/\/institutvilley.com\/wp-content\/uploads\/2019\/02\/IMG_20190221_171549_445-300x300.jpg 300w, https:\/\/institutvilley.com\/wp-content\/uploads\/2019\/02\/IMG_20190221_171549_445-400x400.jpg 400w, https:\/\/institutvilley.com\/wp-content\/uploads\/2019\/02\/IMG_20190221_171549_445-600x600.jpg 600w, https:\/\/institutvilley.com\/wp-content\/uploads\/2019\/02\/IMG_20190221_171549_445-768x768.jpg 768w, https:\/\/institutvilley.com\/wp-content\/uploads\/2019\/02\/IMG_20190221_171549_445-800x800.jpg 800w, https:\/\/institutvilley.com\/wp-content\/uploads\/2019\/02\/IMG_20190221_171549_445-1024x1024.jpg 1024w, https:\/\/institutvilley.com\/wp-content\/uploads\/2019\/02\/IMG_20190221_171549_445-1200x1200.jpg 1200w, https:\/\/institutvilley.com\/wp-content\/uploads\/2019\/02\/IMG_20190221_171549_445.jpg 2250w\" sizes=\"(max-width: 2250px) 100vw, 2250px\" \/><\/a><\/div><\/div><\/li><li class=\"fusion-carousel-item\"><div class=\"fusion-carousel-item-wrapper\"><div class=\"fusion-image-wrapper hover-type-none\"><a data-rel=\"iLightbox[image_carousel_1]\" data-title=\"Quelques uns des ouvrages de la biblioth\u00e8que\" aria-label=\"Quelques uns des ouvrages de la biblioth\u00e8que\" href=\"http:\/\/institutvilley.com\/wp-content\/uploads\/2019\/02\/IMG_20190221_171413_084.jpg\" target=\"_self\"><img loading=\"lazy\" decoding=\"async\" width=\"2250\" height=\"2250\" src=\"https:\/\/institutvilley.com\/wp-content\/uploads\/2019\/02\/IMG_20190221_171413_084.jpg\" class=\"attachment-full size-full\" alt=\"\" srcset=\"https:\/\/institutvilley.com\/wp-content\/uploads\/2019\/02\/IMG_20190221_171413_084-66x66.jpg 66w, https:\/\/institutvilley.com\/wp-content\/uploads\/2019\/02\/IMG_20190221_171413_084-150x150.jpg 150w, https:\/\/institutvilley.com\/wp-content\/uploads\/2019\/02\/IMG_20190221_171413_084-200x200.jpg 200w, https:\/\/institutvilley.com\/wp-content\/uploads\/2019\/02\/IMG_20190221_171413_084-300x300.jpg 300w, https:\/\/institutvilley.com\/wp-content\/uploads\/2019\/02\/IMG_20190221_171413_084-400x400.jpg 400w, https:\/\/institutvilley.com\/wp-content\/uploads\/2019\/02\/IMG_20190221_171413_084-600x600.jpg 600w, https:\/\/institutvilley.com\/wp-content\/uploads\/2019\/02\/IMG_20190221_171413_084-768x768.jpg 768w, https:\/\/institutvilley.com\/wp-content\/uploads\/2019\/02\/IMG_20190221_171413_084-800x800.jpg 800w, https:\/\/institutvilley.com\/wp-content\/uploads\/2019\/02\/IMG_20190221_171413_084-1024x1024.jpg 1024w, https:\/\/institutvilley.com\/wp-content\/uploads\/2019\/02\/IMG_20190221_171413_084-1200x1200.jpg 1200w, https:\/\/institutvilley.com\/wp-content\/uploads\/2019\/02\/IMG_20190221_171413_084.jpg 2250w\" sizes=\"(max-width: 2250px) 100vw, 2250px\" \/><\/a><\/div><\/div><\/li><li class=\"fusion-carousel-item\"><div class=\"fusion-carousel-item-wrapper\"><div class=\"fusion-image-wrapper hover-type-none\"><a data-rel=\"iLightbox[image_carousel_1]\" data-title=\"Quelques unes des revues de la biblioth\u00e8que\" aria-label=\"Quelques unes des revues de la biblioth\u00e8que\" href=\"http:\/\/institutvilley.com\/wp-content\/uploads\/2019\/02\/IMG_20190221_171316_450.jpg\" target=\"_self\"><img loading=\"lazy\" decoding=\"async\" width=\"1814\" height=\"1814\" src=\"https:\/\/institutvilley.com\/wp-content\/uploads\/2019\/02\/IMG_20190221_171316_450.jpg\" class=\"attachment-full size-full\" alt=\"\" srcset=\"https:\/\/institutvilley.com\/wp-content\/uploads\/2019\/02\/IMG_20190221_171316_450-66x66.jpg 66w, https:\/\/institutvilley.com\/wp-content\/uploads\/2019\/02\/IMG_20190221_171316_450-150x150.jpg 150w, https:\/\/institutvilley.com\/wp-content\/uploads\/2019\/02\/IMG_20190221_171316_450-200x200.jpg 200w, https:\/\/institutvilley.com\/wp-content\/uploads\/2019\/02\/IMG_20190221_171316_450-300x300.jpg 300w, https:\/\/institutvilley.com\/wp-content\/uploads\/2019\/02\/IMG_20190221_171316_450-400x400.jpg 400w, https:\/\/institutvilley.com\/wp-content\/uploads\/2019\/02\/IMG_20190221_171316_450-600x600.jpg 600w, https:\/\/institutvilley.com\/wp-content\/uploads\/2019\/02\/IMG_20190221_171316_450-768x768.jpg 768w, https:\/\/institutvilley.com\/wp-content\/uploads\/2019\/02\/IMG_20190221_171316_450-800x800.jpg 800w, https:\/\/institutvilley.com\/wp-content\/uploads\/2019\/02\/IMG_20190221_171316_450-1024x1024.jpg 1024w, https:\/\/institutvilley.com\/wp-content\/uploads\/2019\/02\/IMG_20190221_171316_450-1200x1200.jpg 1200w, https:\/\/institutvilley.com\/wp-content\/uploads\/2019\/02\/IMG_20190221_171316_450.jpg 1814w\" sizes=\"(max-width: 1814px) 100vw, 1814px\" \/><\/a><\/div><\/div><\/li><li class=\"fusion-carousel-item\"><div class=\"fusion-carousel-item-wrapper\"><div class=\"fusion-image-wrapper hover-type-none\"><a data-rel=\"iLightbox[image_carousel_1]\" data-title=\"L&rsquo;Institut Villey au 1 rue d&rsquo;Ulm\" aria-label=\"L&rsquo;Institut Villey au 1 rue d&rsquo;Ulm\" href=\"http:\/\/institutvilley.com\/wp-content\/uploads\/2019\/02\/IMG_20190221_171104_993.jpg\" target=\"_self\"><img loading=\"lazy\" decoding=\"async\" width=\"2250\" height=\"2250\" src=\"https:\/\/institutvilley.com\/wp-content\/uploads\/2019\/02\/IMG_20190221_171104_993.jpg\" class=\"attachment-full size-full\" alt=\"\" srcset=\"https:\/\/institutvilley.com\/wp-content\/uploads\/2019\/02\/IMG_20190221_171104_993-66x66.jpg 66w, https:\/\/institutvilley.com\/wp-content\/uploads\/2019\/02\/IMG_20190221_171104_993-150x150.jpg 150w, https:\/\/institutvilley.com\/wp-content\/uploads\/2019\/02\/IMG_20190221_171104_993-200x200.jpg 200w, https:\/\/institutvilley.com\/wp-content\/uploads\/2019\/02\/IMG_20190221_171104_993-300x300.jpg 300w, https:\/\/institutvilley.com\/wp-content\/uploads\/2019\/02\/IMG_20190221_171104_993-400x400.jpg 400w, https:\/\/institutvilley.com\/wp-content\/uploads\/2019\/02\/IMG_20190221_171104_993-600x600.jpg 600w, https:\/\/institutvilley.com\/wp-content\/uploads\/2019\/02\/IMG_20190221_171104_993-768x768.jpg 768w, https:\/\/institutvilley.com\/wp-content\/uploads\/2019\/02\/IMG_20190221_171104_993-800x800.jpg 800w, https:\/\/institutvilley.com\/wp-content\/uploads\/2019\/02\/IMG_20190221_171104_993-1024x1024.jpg 1024w, https:\/\/institutvilley.com\/wp-content\/uploads\/2019\/02\/IMG_20190221_171104_993-1200x1200.jpg 1200w, https:\/\/institutvilley.com\/wp-content\/uploads\/2019\/02\/IMG_20190221_171104_993.jpg 2250w\" sizes=\"(max-width: 2250px) 100vw, 2250px\" \/><\/a><\/div><\/div><\/li><\/ul><\/div><\/div><\/div><div class=\"fusion-text\"><p><a class=\"twitter-follow-button\" href=\"https:\/\/twitter.com\/InstitutVilley?ref_src=twsrc%5Etfw\" data-show-screen-name=\"false\" data-lang=\"fr\" data-dnt=\"true\" data-show-count=\"false\">Follow @InstitutVilley<\/a><script async src=\"https:\/\/platform.twitter.com\/widgets.js\" charset=\"utf-8\"><\/script><\/p>\n<\/div><div class=\"fusion-clearfix\"><\/div><\/div><\/div><div  class=\"fusion-layout-column fusion_builder_column fusion_builder_column_2_3 fusion-builder-column-1 fusion-two-third fusion-column-last 2_3\"  style='margin-top:0px;margin-bottom:20px;width:66.66%;width:calc(66.66% - ( ( 4% ) * 0.6666 ) );'><div class=\"fusion-column-wrapper\" style=\"padding: 0px 0px 0px 0px;background-position:left top;background-repeat:no-repeat;-webkit-background-size:cover;-moz-background-size:cover;-o-background-size:cover;background-size:cover;\"   data-bg-url=\"\"><style type=\"text\/css\">@media only screen and (max-width:800px) {.fusion-title.fusion-title-1{margin-top:10px!important;margin-bottom:10px!important;}}<\/style><div class=\"fusion-title title fusion-title-1 fusion-sep-none fusion-title-text fusion-title-size-one\" style=\"margin-top:0px;margin-bottom:20px;\"><h1 class=\"title-heading-left\" style=\"margin:0;\">Membres \u00e0 titre \u00e9tranger<\/h1><\/div><div class=\"fusion-text\"><p>L&rsquo;Institut Michel Villey compte parmi ses membres des personnalit\u00e9s \u00e9trang\u00e8res :<\/p>\n<ul>\n<li>Richard R.W. BROOKS, Charles Keller Beekman Professor of Law, Columbia Law School\u00a0; Professor (adjunct) of Law, Yale Law School<\/li>\n<li>Amalia D. KESSLER, Lewis Talbot and Nadine Hearn Shelton Professor of International Legal Studies &#8211; Stanford Law School faculty<\/li>\n<li>Milan MEETARBHAN, Barrister, Ancien Ambassadeur de Maurice \u00e0 l\u2019ONU<\/li>\n<li>Amanda PERREAU-SAUSSINE \u2020<\/li>\n<li>Christoph SCH\u00d6NBERGER, Lehrstuhl f\u00fcr \u00d6ffentliches Recht, Europarecht, Vergleichende Staatslehre und Verfassungsgeschichte &#8211; Fachbereich<\/li>\n<li>Rechtswissenschaft, Universit\u00e4t Konstanz<\/li>\n<li>Augustin SIMARD, Professeur adjoint au d\u00e9partement de science politique &#8211; Universit\u00e9 de Montr\u00e9al<\/li>\n<li>James Q. WHITMAN, Ford Foundation Professor of Comparative and Foreign Law &#8211; Yale Law School<\/li>\n<\/ul>\n<\/div><style type=\"text\/css\">@media only screen and (max-width:800px) {.fusion-title.fusion-title-2{margin-top:10px!important;margin-bottom:10px!important;}}<\/style><div class=\"fusion-title title fusion-title-2 fusion-sep-none fusion-title-text fusion-title-size-one\" style=\"margin-top:0px;margin-bottom:20px;\"><h1 class=\"title-heading-left\" style=\"margin:0;\"><p class=\"spip\">Coop\u00e9rations internationales<\/p><\/h1><\/div><div class=\"fusion-text\"><p>L\u2019institut Michel Villey a d\u00e9velopp\u00e9 ces derni\u00e8res ann\u00e9es de nombreuses coop\u00e9rations internationales n\u00e9es de relations interpersonnelles nou\u00e9es par plusieurs de ses membres :<\/p>\n<h3><strong> En Angleterre\u00a0: <\/strong><\/h3>\n<ul class=\"spip\">\n<li>Faculty of Law \u2013 University of Cambridge<\/li>\n<li>Law Department \u2013 London School of Economics (LES)<\/li>\n<li>Maison Fran\u00e7aise d\u2019Oxford (MFO)<\/li>\n<\/ul>\n<h3><strong>En Allemagne :<br \/>\n<\/strong><\/h3>\n<ul class=\"spip\">\n<li>Juristische Fakult\u00e4t \u2013 Humboldt-Universit\u00e4t zu Berlin<\/li>\n<li>Rechtswissenschaftliche Fakult\u00e4t \u2013 Universit\u00e4t Freiburg<\/li>\n<li>Fachbereich Rechtswissenschaft \u2013 Universit\u00e4t Konstanz<\/li>\n<\/ul>\n<p><strong>Aux \u00c9tats-Unis :<br \/>\n<\/strong><\/p>\n<ul class=\"spip\">\n<li>Yale Law School \u2013 Yale University<\/li>\n<\/ul>\n<\/div><div class=\"fusion-clearfix\"><\/div><\/div><\/div><div  class=\"fusion-layout-column fusion_builder_column fusion_builder_column_1_2 fusion-builder-column-2 fusion-one-half fusion-column-first 1_2\"  style='margin-top:0px;margin-bottom:20px;width:50%;width:calc(50% - ( ( 4% ) * 0.5 ) );margin-right: 4%;'><div class=\"fusion-column-wrapper\" style=\"padding: 0px 0px 0px 0px;background-position:left top;background-repeat:no-repeat;-webkit-background-size:cover;-moz-background-size:cover;-o-background-size:cover;background-size:cover;\"   data-bg-url=\"\"><div class=\"fusion-clearfix\"><\/div><\/div><\/div><div  class=\"fusion-layout-column fusion_builder_column fusion_builder_column_1_2 fusion-builder-column-3 fusion-one-half fusion-column-last 1_2\"  style='margin-top:0px;margin-bottom:20px;width:50%;width:calc(50% - ( ( 4% ) * 0.5 ) );'><div class=\"fusion-column-wrapper\" style=\"padding: 0px 0px 0px 0px;background-position:left top;background-repeat:no-repeat;-webkit-background-size:cover;-moz-background-size:cover;-o-background-size:cover;background-size:cover;\"   data-bg-url=\"\"><div class=\"fusion-clearfix\"><\/div><\/div><\/div><\/div><\/div>\n","protected":false},"excerpt":{"rendered":"","protected":false},"author":1,"featured_media":0,"parent":14,"menu_order":0,"comment_status":"closed","ping_status":"closed","template":"","meta":{"footnotes":""},"_links":{"self":[{"href":"https:\/\/institutvilley.com\/index.php?rest_route=\/wp\/v2\/pages\/78"}],"collection":[{"href":"https:\/\/institutvilley.com\/index.php?rest_route=\/wp\/v2\/pages"}],"about":[{"href":"https:\/\/institutvilley.com\/index.php?rest_route=\/wp\/v2\/types\/page"}],"author":[{"embeddable":true,"href":"https:\/\/institutvilley.com\/index.php?rest_route=\/wp\/v2\/users\/1"}],"replies":[{"embeddable":true,"href":"https:\/\/institutvilley.com\/index.php?rest_route=%2Fwp%2Fv2%2Fcomments&post=78"}],"version-history":[{"count":6,"href":"https:\/\/institutvilley.com\/index.php?rest_route=\/wp\/v2\/pages\/78\/revisions"}],"predecessor-version":[{"id":1605,"href":"https:\/\/institutvilley.com\/index.php?rest_route=\/wp\/v2\/pages\/78\/revisions\/1605"}],"up":[{"embeddable":true,"href":"https:\/\/institutvilley.com\/index.php?rest_route=\/wp\/v2\/pages\/14"}],"wp:attachment":[{"href":"https:\/\/institutvilley.com\/index.php?rest_route=%2Fwp%2Fv2%2Fmedia&parent=78"}],"curies":[{"name":"wp","href":"https:\/\/api.w.org\/{rel}","templated":true}]}}