{"id":776,"date":"2019-04-16T14:50:59","date_gmt":"2019-04-16T14:50:59","guid":{"rendered":"http:\/\/institutvilley.com\/?page_id=776"},"modified":"2023-09-21T07:48:53","modified_gmt":"2023-09-21T07:48:53","slug":"fellows-junior-fellows","status":"publish","type":"page","link":"https:\/\/institutvilley.com\/?page_id=776","title":{"rendered":"Fellows &#038; Junior Fellows"},"content":{"rendered":"<div class=\"fusion-fullwidth fullwidth-box fusion-builder-row-1 nonhundred-percent-fullwidth non-hundred-percent-height-scrolling\"  style='background-color: rgba(255,255,255,0);background-position: center center;background-repeat: no-repeat;padding-top:0px;padding-right:0px;padding-bottom:0px;padding-left:0px;'><div class=\"fusion-builder-row fusion-row \"><div  class=\"fusion-layout-column fusion_builder_column fusion_builder_column_1_5 fusion-builder-column-0 fusion-one-fifth fusion-column-first 1_5\"  style='margin-top:0px;margin-bottom:20px;width:20%;width:calc(20% - ( ( 4% ) * 0.2 ) );margin-right: 4%;'><div class=\"fusion-column-wrapper\" style=\"background-color:#d8e2eb;padding: 0px 10px 0px 10px;background-position:left top;background-repeat:no-repeat;-webkit-background-size:cover;-moz-background-size:cover;-o-background-size:cover;background-size:cover;\"   data-bg-url=\"\"><div class=\"fusion-image-carousel fusion-image-carousel-auto lightbox-enabled fusion-carousel-border\"><div class=\"fusion-carousel\" data-autoplay=\"yes\" data-columns=\"1\" data-itemmargin=\"13\" data-itemwidth=\"180\" data-touchscroll=\"no\" data-imagesize=\"auto\"><div class=\"fusion-carousel-positioner\"><ul class=\"fusion-carousel-holder\"><li class=\"fusion-carousel-item\"><div class=\"fusion-carousel-item-wrapper\"><div class=\"fusion-image-wrapper hover-type-none\"><a data-rel=\"iLightbox[image_carousel_1]\" data-title=\"Logo IMV (GRAND)\" aria-label=\"Logo IMV (GRAND)\" href=\"http:\/\/institutvilley.com\/wp-content\/uploads\/2019\/02\/Logo-imv-grand.jpg\" target=\"_self\"><img loading=\"lazy\" decoding=\"async\" width=\"250\" height=\"250\" src=\"https:\/\/institutvilley.com\/wp-content\/uploads\/2019\/02\/Logo-imv-grand.jpg\" class=\"attachment-full size-full\" alt=\"\" srcset=\"https:\/\/institutvilley.com\/wp-content\/uploads\/2019\/02\/Logo-imv-grand-66x66.jpg 66w, https:\/\/institutvilley.com\/wp-content\/uploads\/2019\/02\/Logo-imv-grand-150x150.jpg 150w, https:\/\/institutvilley.com\/wp-content\/uploads\/2019\/02\/Logo-imv-grand-200x200.jpg 200w, https:\/\/institutvilley.com\/wp-content\/uploads\/2019\/02\/Logo-imv-grand.jpg 250w\" sizes=\"(max-width: 250px) 100vw, 250px\" \/><\/a><\/div><\/div><\/li><li class=\"fusion-carousel-item\"><div class=\"fusion-carousel-item-wrapper\"><div class=\"fusion-image-wrapper hover-type-none\"><a data-rel=\"iLightbox[image_carousel_1]\" data-title=\"Vue de la place du Panth\u00e9on depuis l&rsquo;Institut Villey\" aria-label=\"Vue de la place du Panth\u00e9on depuis l&rsquo;Institut Villey\" href=\"http:\/\/institutvilley.com\/wp-content\/uploads\/2019\/02\/IMG_20190221_171201_175.jpg\" target=\"_self\"><img loading=\"lazy\" decoding=\"async\" width=\"2250\" height=\"2250\" src=\"https:\/\/institutvilley.com\/wp-content\/uploads\/2019\/02\/IMG_20190221_171201_175.jpg\" class=\"attachment-full size-full\" alt=\"\" srcset=\"https:\/\/institutvilley.com\/wp-content\/uploads\/2019\/02\/IMG_20190221_171201_175-66x66.jpg 66w, https:\/\/institutvilley.com\/wp-content\/uploads\/2019\/02\/IMG_20190221_171201_175-150x150.jpg 150w, https:\/\/institutvilley.com\/wp-content\/uploads\/2019\/02\/IMG_20190221_171201_175-200x200.jpg 200w, https:\/\/institutvilley.com\/wp-content\/uploads\/2019\/02\/IMG_20190221_171201_175-300x300.jpg 300w, https:\/\/institutvilley.com\/wp-content\/uploads\/2019\/02\/IMG_20190221_171201_175-400x400.jpg 400w, https:\/\/institutvilley.com\/wp-content\/uploads\/2019\/02\/IMG_20190221_171201_175-600x600.jpg 600w, https:\/\/institutvilley.com\/wp-content\/uploads\/2019\/02\/IMG_20190221_171201_175-768x768.jpg 768w, https:\/\/institutvilley.com\/wp-content\/uploads\/2019\/02\/IMG_20190221_171201_175-800x800.jpg 800w, https:\/\/institutvilley.com\/wp-content\/uploads\/2019\/02\/IMG_20190221_171201_175-1024x1024.jpg 1024w, https:\/\/institutvilley.com\/wp-content\/uploads\/2019\/02\/IMG_20190221_171201_175-1200x1200.jpg 1200w, https:\/\/institutvilley.com\/wp-content\/uploads\/2019\/02\/IMG_20190221_171201_175.jpg 2250w\" sizes=\"(max-width: 2250px) 100vw, 2250px\" \/><\/a><\/div><\/div><\/li><li class=\"fusion-carousel-item\"><div class=\"fusion-carousel-item-wrapper\"><div class=\"fusion-image-wrapper hover-type-none\"><a data-rel=\"iLightbox[image_carousel_1]\" data-title=\"Salle de travail de l&rsquo;Institut Villey\" aria-label=\"Salle de travail de l&rsquo;Institut Villey\" href=\"http:\/\/institutvilley.com\/wp-content\/uploads\/2019\/02\/IMG_20190221_171549_445.jpg\" target=\"_self\"><img loading=\"lazy\" decoding=\"async\" width=\"2250\" height=\"2250\" src=\"https:\/\/institutvilley.com\/wp-content\/uploads\/2019\/02\/IMG_20190221_171549_445.jpg\" class=\"attachment-full size-full\" alt=\"\" srcset=\"https:\/\/institutvilley.com\/wp-content\/uploads\/2019\/02\/IMG_20190221_171549_445-66x66.jpg 66w, https:\/\/institutvilley.com\/wp-content\/uploads\/2019\/02\/IMG_20190221_171549_445-150x150.jpg 150w, https:\/\/institutvilley.com\/wp-content\/uploads\/2019\/02\/IMG_20190221_171549_445-200x200.jpg 200w, https:\/\/institutvilley.com\/wp-content\/uploads\/2019\/02\/IMG_20190221_171549_445-300x300.jpg 300w, https:\/\/institutvilley.com\/wp-content\/uploads\/2019\/02\/IMG_20190221_171549_445-400x400.jpg 400w, https:\/\/institutvilley.com\/wp-content\/uploads\/2019\/02\/IMG_20190221_171549_445-600x600.jpg 600w, https:\/\/institutvilley.com\/wp-content\/uploads\/2019\/02\/IMG_20190221_171549_445-768x768.jpg 768w, https:\/\/institutvilley.com\/wp-content\/uploads\/2019\/02\/IMG_20190221_171549_445-800x800.jpg 800w, https:\/\/institutvilley.com\/wp-content\/uploads\/2019\/02\/IMG_20190221_171549_445-1024x1024.jpg 1024w, https:\/\/institutvilley.com\/wp-content\/uploads\/2019\/02\/IMG_20190221_171549_445-1200x1200.jpg 1200w, https:\/\/institutvilley.com\/wp-content\/uploads\/2019\/02\/IMG_20190221_171549_445.jpg 2250w\" sizes=\"(max-width: 2250px) 100vw, 2250px\" \/><\/a><\/div><\/div><\/li><li class=\"fusion-carousel-item\"><div class=\"fusion-carousel-item-wrapper\"><div class=\"fusion-image-wrapper hover-type-none\"><a data-rel=\"iLightbox[image_carousel_1]\" data-title=\"Quelques uns des ouvrages de la biblioth\u00e8que\" aria-label=\"Quelques uns des ouvrages de la biblioth\u00e8que\" href=\"http:\/\/institutvilley.com\/wp-content\/uploads\/2019\/02\/IMG_20190221_171413_084.jpg\" target=\"_self\"><img loading=\"lazy\" decoding=\"async\" width=\"2250\" height=\"2250\" src=\"https:\/\/institutvilley.com\/wp-content\/uploads\/2019\/02\/IMG_20190221_171413_084.jpg\" class=\"attachment-full size-full\" alt=\"\" srcset=\"https:\/\/institutvilley.com\/wp-content\/uploads\/2019\/02\/IMG_20190221_171413_084-66x66.jpg 66w, https:\/\/institutvilley.com\/wp-content\/uploads\/2019\/02\/IMG_20190221_171413_084-150x150.jpg 150w, https:\/\/institutvilley.com\/wp-content\/uploads\/2019\/02\/IMG_20190221_171413_084-200x200.jpg 200w, https:\/\/institutvilley.com\/wp-content\/uploads\/2019\/02\/IMG_20190221_171413_084-300x300.jpg 300w, https:\/\/institutvilley.com\/wp-content\/uploads\/2019\/02\/IMG_20190221_171413_084-400x400.jpg 400w, https:\/\/institutvilley.com\/wp-content\/uploads\/2019\/02\/IMG_20190221_171413_084-600x600.jpg 600w, https:\/\/institutvilley.com\/wp-content\/uploads\/2019\/02\/IMG_20190221_171413_084-768x768.jpg 768w, https:\/\/institutvilley.com\/wp-content\/uploads\/2019\/02\/IMG_20190221_171413_084-800x800.jpg 800w, https:\/\/institutvilley.com\/wp-content\/uploads\/2019\/02\/IMG_20190221_171413_084-1024x1024.jpg 1024w, https:\/\/institutvilley.com\/wp-content\/uploads\/2019\/02\/IMG_20190221_171413_084-1200x1200.jpg 1200w, https:\/\/institutvilley.com\/wp-content\/uploads\/2019\/02\/IMG_20190221_171413_084.jpg 2250w\" sizes=\"(max-width: 2250px) 100vw, 2250px\" \/><\/a><\/div><\/div><\/li><li class=\"fusion-carousel-item\"><div class=\"fusion-carousel-item-wrapper\"><div class=\"fusion-image-wrapper hover-type-none\"><a data-rel=\"iLightbox[image_carousel_1]\" data-title=\"Quelques unes des revues de la biblioth\u00e8que\" aria-label=\"Quelques unes des revues de la biblioth\u00e8que\" href=\"http:\/\/institutvilley.com\/wp-content\/uploads\/2019\/02\/IMG_20190221_171316_450.jpg\" target=\"_self\"><img loading=\"lazy\" decoding=\"async\" width=\"1814\" height=\"1814\" src=\"https:\/\/institutvilley.com\/wp-content\/uploads\/2019\/02\/IMG_20190221_171316_450.jpg\" class=\"attachment-full size-full\" alt=\"\" srcset=\"https:\/\/institutvilley.com\/wp-content\/uploads\/2019\/02\/IMG_20190221_171316_450-66x66.jpg 66w, https:\/\/institutvilley.com\/wp-content\/uploads\/2019\/02\/IMG_20190221_171316_450-150x150.jpg 150w, https:\/\/institutvilley.com\/wp-content\/uploads\/2019\/02\/IMG_20190221_171316_450-200x200.jpg 200w, https:\/\/institutvilley.com\/wp-content\/uploads\/2019\/02\/IMG_20190221_171316_450-300x300.jpg 300w, https:\/\/institutvilley.com\/wp-content\/uploads\/2019\/02\/IMG_20190221_171316_450-400x400.jpg 400w, https:\/\/institutvilley.com\/wp-content\/uploads\/2019\/02\/IMG_20190221_171316_450-600x600.jpg 600w, https:\/\/institutvilley.com\/wp-content\/uploads\/2019\/02\/IMG_20190221_171316_450-768x768.jpg 768w, https:\/\/institutvilley.com\/wp-content\/uploads\/2019\/02\/IMG_20190221_171316_450-800x800.jpg 800w, https:\/\/institutvilley.com\/wp-content\/uploads\/2019\/02\/IMG_20190221_171316_450-1024x1024.jpg 1024w, https:\/\/institutvilley.com\/wp-content\/uploads\/2019\/02\/IMG_20190221_171316_450-1200x1200.jpg 1200w, https:\/\/institutvilley.com\/wp-content\/uploads\/2019\/02\/IMG_20190221_171316_450.jpg 1814w\" sizes=\"(max-width: 1814px) 100vw, 1814px\" \/><\/a><\/div><\/div><\/li><li class=\"fusion-carousel-item\"><div class=\"fusion-carousel-item-wrapper\"><div class=\"fusion-image-wrapper hover-type-none\"><a data-rel=\"iLightbox[image_carousel_1]\" data-title=\"L&rsquo;Institut Villey au 1 rue d&rsquo;Ulm\" aria-label=\"L&rsquo;Institut Villey au 1 rue d&rsquo;Ulm\" href=\"http:\/\/institutvilley.com\/wp-content\/uploads\/2019\/02\/IMG_20190221_171104_993.jpg\" target=\"_self\"><img loading=\"lazy\" decoding=\"async\" width=\"2250\" height=\"2250\" src=\"https:\/\/institutvilley.com\/wp-content\/uploads\/2019\/02\/IMG_20190221_171104_993.jpg\" class=\"attachment-full size-full\" alt=\"\" srcset=\"https:\/\/institutvilley.com\/wp-content\/uploads\/2019\/02\/IMG_20190221_171104_993-66x66.jpg 66w, https:\/\/institutvilley.com\/wp-content\/uploads\/2019\/02\/IMG_20190221_171104_993-150x150.jpg 150w, https:\/\/institutvilley.com\/wp-content\/uploads\/2019\/02\/IMG_20190221_171104_993-200x200.jpg 200w, https:\/\/institutvilley.com\/wp-content\/uploads\/2019\/02\/IMG_20190221_171104_993-300x300.jpg 300w, https:\/\/institutvilley.com\/wp-content\/uploads\/2019\/02\/IMG_20190221_171104_993-400x400.jpg 400w, https:\/\/institutvilley.com\/wp-content\/uploads\/2019\/02\/IMG_20190221_171104_993-600x600.jpg 600w, https:\/\/institutvilley.com\/wp-content\/uploads\/2019\/02\/IMG_20190221_171104_993-768x768.jpg 768w, https:\/\/institutvilley.com\/wp-content\/uploads\/2019\/02\/IMG_20190221_171104_993-800x800.jpg 800w, https:\/\/institutvilley.com\/wp-content\/uploads\/2019\/02\/IMG_20190221_171104_993-1024x1024.jpg 1024w, https:\/\/institutvilley.com\/wp-content\/uploads\/2019\/02\/IMG_20190221_171104_993-1200x1200.jpg 1200w, https:\/\/institutvilley.com\/wp-content\/uploads\/2019\/02\/IMG_20190221_171104_993.jpg 2250w\" sizes=\"(max-width: 2250px) 100vw, 2250px\" \/><\/a><\/div><\/div><\/li><\/ul><\/div><\/div><\/div><div class=\"fusion-text\"><p><a class=\"twitter-follow-button\" href=\"https:\/\/twitter.com\/InstitutVilley?ref_src=twsrc%5Etfw\" data-show-screen-name=\"false\" data-lang=\"fr\" data-dnt=\"true\" data-show-count=\"false\">Follow @InstitutVilley<\/a><script async src=\"https:\/\/platform.twitter.com\/widgets.js\" charset=\"utf-8\"><\/script><\/p>\n<\/div><div class=\"fusion-clearfix\"><\/div><\/div><\/div><div  class=\"fusion-layout-column fusion_builder_column fusion_builder_column_2_3 fusion-builder-column-1 fusion-two-third fusion-column-last 2_3\"  style='margin-top:0px;margin-bottom:20px;width:66.66%;width:calc(66.66% - ( ( 4% ) * 0.6666 ) );'><div class=\"fusion-column-wrapper\" style=\"padding: 0px 0px 0px 0px;background-position:left top;background-repeat:no-repeat;-webkit-background-size:cover;-moz-background-size:cover;-o-background-size:cover;background-size:cover;\"   data-bg-url=\"\"><div class=\"fusion-text\"><p>L&rsquo;Institut Michel Villey accueille depuis maintenant plusieurs ann\u00e9es des chercheurs (<em>Fellows<\/em>), ainsi que depuis 2018 des jeunes chercheurs (<em>Junior<\/em> <em>Fellows<\/em>), afin de faciliter leurs recherches et de leur faire b\u00e9n\u00e9ficier du dynamisme de ses membres ainsi que d&rsquo;environnements acad\u00e9miques stimulants. Jusqu&rsquo;\u00e0 pr\u00e9sent, l&rsquo;Institut Villey a accueilli les chercheurs suivants.<\/p>\n<h3><strong>Ann\u00e9e acad\u00e9mique 2023-2024<\/strong><\/h3>\n<ul>\n<li>Timothy Endicott (Oxford Law Faculty, UK)<\/li>\n<li>Hajime Yamamoto (Universit\u00e9 de Keio, Japon)<\/li>\n<li><em>Junior fellow\u00a0<\/em>: Yannis Flytzanis (Universit\u00e9 Nationale et Kapodistrienne d&rsquo;Ath\u00e8nes, Gr\u00e8ce)<\/li>\n<\/ul>\n<h3>Ann\u00e9e acad\u00e9mique 2022-2023<\/h3>\n<ul>\n<li>Margit Cohn (Hebrew University of Jerusalem, Isra\u00ebl)<\/li>\n<li>C\u00e9line Romainville (Universit\u00e9 Catholique de Louvain, Belgique)<\/li>\n<li><span style=\"font-weight: 400;\">Gr\u00e9goire Webber (Queens University, Canada)\u00a0<\/span><\/li>\n<li>Hajime Yamamoto (Universit\u00e9 de Keio, Japon)<\/li>\n<\/ul>\n<h3>Ann\u00e9e acad\u00e9mique 2021-2022<\/h3>\n<ul>\n<li>Werner Gephart (K\u00e4te Hamburger Kolleg \u00ab\u00a0Recht als Kultur\u00a0\u00bb, Allemagne)<\/li>\n<li><em>Junior Fellow<\/em> : \u00c9ric Buge (Ma\u00eetre des requ\u00eates en service extraordinaire au Conseil d&rsquo;\u00c9tat)<\/li>\n<li><em>Junior Fellow<\/em> : Romain Cuttat, PhD candidate (Universit\u00e9 de Gen\u00e8ve, Suisse)<\/li>\n<\/ul>\n<h3>Ann\u00e9e acad\u00e9mique 2018-2019<\/h3>\n<ul>\n<li>Gerald Stourzh (Universit\u00e4t Wien, Allemagne)<\/li>\n<li>Matthias Jestaedt (Albert-Ludwigs-Universit\u00e4t Freiburg, Suisse)<\/li>\n<li>Mirjam K\u00fcnkler (<span class=\"st\">Georg-August-Universit\u00e4t G\u00f6ttingen, Allemagne et Princeton University, USA)<\/span><\/li>\n<li>Vincent Forray (McGill University, Canada)<\/li>\n<li>Duncan Kennedy (Harvard University, USA)<\/li>\n<li>Daniel Markovits (Yale Law School, USA)<\/li>\n<li><em>Junior Fellow<\/em> : <a href=\"http:\/\/www.circ.usaintlouis.be\/lequipe\/julian-clarenne\/\">Julian Clarenne<\/a>, PhD candidate (Universit\u00e9 Saint-Louis \u2013 Bruxelles, Belgique)<\/li>\n<\/ul>\n<h3>Ann\u00e9e acad\u00e9mique 2017-2018<\/h3>\n<ul>\n<li>Amnon Lev (U. de Copenhague, Danemark)<\/li>\n<li>Thomas Poole (LSE, UK)<\/li>\n<li>Justine Lacroix (ULB, Belgique)<\/li>\n<li>Jean-Yves Pranch\u00e8re (ULB, Belgique)<\/li>\n<li>Alain Wijffels (UCL, Belgique)<\/li>\n<li>Tine Stijn (U. de G\u00f6ttingen, Allemagne)<\/li>\n<li><em>Junior Fellow<\/em> : <a href=\"https:\/\/legal.ceu.edu\/people\/viktor-zoltan-kazai\">Viktor Z. Kazai<\/a>, PhD candidate (Central European University, Hongrie)<\/li>\n<\/ul>\n<h3>Ann\u00e9e acad\u00e9mique 2016-2017<\/h3>\n<ul>\n<li>Tomonobu Hayashi (University of Tokyo, Japon)<\/li>\n<li>Nicholas Aroney (Queensland University, Australie)<\/li>\n<li>Sabina Cassese (ENS Pise, Italie)<\/li>\n<li>Oliver Lepsius (Universit\u00e4t Bayreuth, Allemagne)<\/li>\n<li>Piyabutr Saengkanokkul (Thammasat University, Tha\u00eflande)<\/li>\n<\/ul>\n<h3>Ann\u00e9e acad\u00e9mique 2015-2016<\/h3>\n<ul>\n<li>David Singh Grewal (Yale University, USA)<\/li>\n<li>Martin Loughlin (London School of Economics, UK)<\/li>\n<li>Jo Murkens (London Schoold of Economics, UK)<\/li>\n<li>Micka\u00ebl Wilkinson (London School of Economics, UK)<\/li>\n<li>Hajime Yamamoto (Kei\u014d University, Japon)<\/li>\n<\/ul>\n<h3>Ann\u00e9e acad\u00e9mique 2014-2015<\/h3>\n<ul>\n<li>Beno\u00eet Frydman (ULB, Belgique)<\/li>\n<li>Amalia Kessler (Stanford University, USA)<\/li>\n<li>Amnon Lev (U. de Copenhague, Danemark)<\/li>\n<li>Jerry L. Mashaw (Yale University, USA)<\/li>\n<li>Johannes Masing (Albert-Ludwigs-Universit\u00e4t Freiburg, Suisse)<\/li>\n<li>Judith Resnik (Yale University, USA)<\/li>\n<li>Constantin Sigov (Universit\u00e9 nationale Acad\u00e9mie Mohyla de Kiev, Ukraine)<\/li>\n<\/ul>\n<h3>Ann\u00e9e acad\u00e9mique 2013-2014<\/h3>\n<ul>\n<li>Gerald Stourzh (U. de Viennes, Autriche)<\/li>\n<li>Michael Wilkinson (London School of Economics, UK)<\/li>\n<li>Clifford Ando (University of Chicago, USA)<\/li>\n<li>Andreas Anter (Universit\u00e4t Leipzig, Allemagne)<\/li>\n<li>Jack B. Balkin (Yale University, USA)<\/li>\n<li>Stephen Garbaum (UCLA School of Law, USA)<\/li>\n<li>Jeremy Jennings (University of London, UK)<\/li>\n<li>Tom Poole (London School of Economics, UK)<\/li>\n<li>Tomothy Snyder (Yale University, USA)<\/li>\n<\/ul>\n<h3>Ann\u00e9e acad\u00e9mique 2012-2013<\/h3>\n<ul>\n<li>Jean-Fran\u00e7ois Gaudreault-Desbiens (Universit\u00e9 de Montr\u00e9al, Canada)<\/li>\n<li>Fulco Lanchester (Sapienza Universit\u00e0 di Roma, Italie)<\/li>\n<li>\u00a0Scott Shapiro (Yale University, USA)<\/li>\n<\/ul>\n<h3>Ann\u00e9e acad\u00e9mique 2011-2012<\/h3>\n<ul>\n<li>Duncan Kelly (University of Cambridge, UK)<\/li>\n<li>Johannes Masing (<span class=\"st\"> Albert-Ludwigs-Universit\u00e4t Freiburg<\/span>, Allemagne)<\/li>\n<li>Christof Mollers (Humboldt Universit\u00e4t, Allemagne)<\/li>\n<li>Robert Posr (Yale University, USA)<\/li>\n<li>Gr\u00e9gorie Webber (London School of Economics)<\/li>\n<\/ul>\n<\/div><div class=\"fusion-clearfix\"><\/div><\/div><\/div><\/div><\/div>\n","protected":false},"excerpt":{"rendered":"","protected":false},"author":1,"featured_media":0,"parent":14,"menu_order":0,"comment_status":"closed","ping_status":"closed","template":"","meta":{"footnotes":""},"_links":{"self":[{"href":"https:\/\/institutvilley.com\/index.php?rest_route=\/wp\/v2\/pages\/776"}],"collection":[{"href":"https:\/\/institutvilley.com\/index.php?rest_route=\/wp\/v2\/pages"}],"about":[{"href":"https:\/\/institutvilley.com\/index.php?rest_route=\/wp\/v2\/types\/page"}],"author":[{"embeddable":true,"href":"https:\/\/institutvilley.com\/index.php?rest_route=\/wp\/v2\/users\/1"}],"replies":[{"embeddable":true,"href":"https:\/\/institutvilley.com\/index.php?rest_route=%2Fwp%2Fv2%2Fcomments&post=776"}],"version-history":[{"count":21,"href":"https:\/\/institutvilley.com\/index.php?rest_route=\/wp\/v2\/pages\/776\/revisions"}],"predecessor-version":[{"id":3358,"href":"https:\/\/institutvilley.com\/index.php?rest_route=\/wp\/v2\/pages\/776\/revisions\/3358"}],"up":[{"embeddable":true,"href":"https:\/\/institutvilley.com\/index.php?rest_route=\/wp\/v2\/pages\/14"}],"wp:attachment":[{"href":"https:\/\/institutvilley.com\/index.php?rest_route=%2Fwp%2Fv2%2Fmedia&parent=776"}],"curies":[{"name":"wp","href":"https:\/\/api.w.org\/{rel}","templated":true}]}}