{"id":63,"date":"2019-02-06T14:01:43","date_gmt":"2019-02-06T14:01:43","guid":{"rendered":"http:\/\/institutvilley.com\/?page_id=63"},"modified":"2023-09-07T13:40:51","modified_gmt":"2023-09-07T13:40:51","slug":"bibliotheque","status":"publish","type":"page","link":"https:\/\/institutvilley.com\/?page_id=63","title":{"rendered":"Biblioth\u00e8que"},"content":{"rendered":"<div class=\"fusion-fullwidth fullwidth-box fusion-builder-row-1 nonhundred-percent-fullwidth non-hundred-percent-height-scrolling\"  style='background-color: rgba(255,255,255,0);background-position: center center;background-repeat: no-repeat;padding-top:0px;padding-right:0px;padding-bottom:0px;padding-left:0px;'><div class=\"fusion-builder-row fusion-row \"><div  class=\"fusion-layout-column fusion_builder_column fusion_builder_column_1_5 fusion-builder-column-0 fusion-one-fifth fusion-column-first 1_5\"  style='margin-top:0px;margin-bottom:20px;width:20%;width:calc(20% - ( ( 4% + 4% ) * 0.2 ) );margin-right: 4%;'><div class=\"fusion-column-wrapper\" style=\"background-color:#d8e2eb;padding: 10px 10px 0px 10px;background-position:left top;background-repeat:no-repeat;-webkit-background-size:cover;-moz-background-size:cover;-o-background-size:cover;background-size:cover;\"   data-bg-url=\"\"><span style=\"-webkit-border-radius:5px;-moz-border-radius:5px;border-radius:5px;\" class=\"fusion-imageframe imageframe-none imageframe-1 hover-type-none\"><img loading=\"lazy\" decoding=\"async\" src=\"http:\/\/institutvilley.com\/wp-content\/uploads\/2019\/02\/Logo-imv-grand.jpg\" width=\"250\" height=\"250\" alt=\"\" title=\"Logo IMV (GRAND)\" class=\"img-responsive wp-image-331\" srcset=\"https:\/\/institutvilley.com\/wp-content\/uploads\/2019\/02\/Logo-imv-grand-200x200.jpg 200w, https:\/\/institutvilley.com\/wp-content\/uploads\/2019\/02\/Logo-imv-grand.jpg 250w\" sizes=\"(max-width: 800px) 100vw, 250px\" \/><\/span><style type=\"text\/css\">@media only screen and (max-width:800px) {.fusion-title.fusion-title-1{margin-top:10px!important;margin-bottom:10px!important;}}<\/style><div class=\"fusion-title title fusion-title-1 fusion-sep-none fusion-title-text fusion-title-size-three\" style=\"margin-top:20px;margin-bottom:10px;\"><h3 class=\"title-heading-left\" style=\"margin:0;\">Informations<\/h3><\/div><style type=\"text\/css\">@media only screen and (max-width:800px) {.fusion-title.fusion-title-2{margin-top:10px!important;margin-bottom:10px!important;}}<\/style><div class=\"fusion-title title fusion-title-2 fusion-sep-none fusion-title-text fusion-title-size-one\" style=\"margin-top:0px;margin-bottom:31px;\"><h1 class=\"title-heading-left\" style=\"margin:0;\"><h4>Localisation :<\/h4>\n<p>Institut Michel Villey<br \/>\n1 rue d&rsquo;Ulm, 5<sup class=\"typo_exposants\">e<\/sup> \u00e9tage<br \/>\n75005 Paris<\/p>\n<h4>Horaires :<\/h4>\n<p>Lundi\u00a0\u2013 vendredi : 9h30-12h30 13h30-17h00<\/p>\n<p>Acc\u00e8s r\u00e9serv\u00e9 Aux Pofesseurs, Etudiants (M2, doctorants) de Paris-Panth\u00e9on-Assas<\/p>\n<p>Pour les lecteurs ext\u00e9rieurs merci de r\u00e9server obligatoirement 24h00 \u00e0 l&rsquo;avance \u00e0 inst.mvilley@u-paris2.fr<\/p>\n<h4>Contact :<\/h4>\n<p>+33 (0) 1 44 41 89 92<br \/>\ninst.mvilley@u-paris2.fr<\/p>\n<h4>Catalogue :<\/h4><\/h1><\/div><div class=\"fusion-button-wrapper fusion-aligncenter\"><style type=\"text\/css\">.fusion-button.button-1 .fusion-button-text, .fusion-button.button-1 i {color:#ffffff;}.fusion-button.button-1 .fusion-button-icon-divider{border-color:#ffffff;}.fusion-button.button-1:hover .fusion-button-text, .fusion-button.button-1:hover i,.fusion-button.button-1:focus .fusion-button-text, .fusion-button.button-1:focus i,.fusion-button.button-1:active .fusion-button-text, .fusion-button.button-1:active{color:#ffffff;}.fusion-button.button-1:hover .fusion-button-icon-divider, .fusion-button.button-1:hover .fusion-button-icon-divider, .fusion-button.button-1:active .fusion-button-icon-divider{border-color:#ffffff;}.fusion-button.button-1:hover, .fusion-button.button-1:focus, .fusion-button.button-1:active{border-color:#ffffff;}.fusion-button.button-1 {border-color:#ffffff;border-radius:25px;}.fusion-button.button-1{background: #9eb8bf;}.fusion-button.button-1:hover,.button-1:focus,.fusion-button.button-1:active{background: #9eb8bf;\n\t\t\t\t\t\t\tbackground-image: -webkit-gradient( linear, left bottom, left top, from( #607d8b ), to( #9eb8bf ) );\n\t\t\t\t\t\t\tbackground-image: -webkit-linear-gradient( bottom, #607d8b, #9eb8bf );\n\t\t\t\t\t\t\tbackground-image:   -moz-linear-gradient( bottom, #607d8b, #9eb8bf );\n\t\t\t\t\t\t\tbackground-image:     -o-linear-gradient( bottom, #607d8b, #9eb8bf );\n\t\t\t\t\t\t\tbackground-image: linear-gradient( to top, #607d8b, #9eb8bf );}<\/style><a class=\"fusion-button button-flat button-small button-custom button-1 fusion-button-default-span fusion-animated button-catalogue-biblio\" data-animationType=\"shake\" data-animationDuration=\"0.3\" data-animationOffset=\"100%\" target=\"_self\" href=\"http:\/\/bibweb.u-paris2.fr\/\"><span class=\"fusion-button-text\">Acc\u00e8s au catalogue<\/span><\/a><\/div><div class=\"fusion-clearfix\"><\/div><\/div><\/div><div  class=\"fusion-layout-column fusion_builder_column fusion_builder_column_1_3 fusion-builder-column-1 fusion-one-third 1_3\"  style='margin-top:0px;margin-bottom:20px;width:33.33%;width:calc(33.33% - ( ( 4% + 4% ) * 0.3333 ) );margin-right: 4%;'><div class=\"fusion-column-wrapper\" style=\"padding: 0px 0px 0px 0px;background-position:left top;background-repeat:no-repeat;-webkit-background-size:cover;-moz-background-size:cover;-o-background-size:cover;background-size:cover;\"   data-bg-url=\"\"><style type=\"text\/css\">@media only screen and (max-width:800px) {.fusion-title.fusion-title-3{margin-top:10px!important;margin-bottom:10px!important;}}<\/style><div class=\"fusion-title title fusion-title-3 fusion-sep-none fusion-title-center fusion-title-text fusion-title-size-two\" style=\"margin-top:30px;margin-bottom:31px;\"><h2 class=\"title-heading-center\" style=\"margin:0;\">Le fond<\/h2><\/div><div class=\"fusion-text\"><p>La biblioth\u00e8que se compose de plus de <strong>5000 ouvrages<\/strong> et <strong>30 titres de revues<\/strong>. Elle couvre les domaines suivants :<\/p>\n<ul>\n<li>philosophie juridique et politique ;<\/li>\n<li>histoire de la pens\u00e9e ;<\/li>\n<li>histoire de la culture juridique ;<\/li>\n<li>th\u00e9ologie, etc.<\/li>\n<\/ul>\n<p>Elle poss\u00e8de \u00e9galement deux fonds sp\u00e9cifiques\u00a0:<\/p>\n<ul>\n<li>Fonds Michel Villey (de et sur Michel Villey) ;<\/li>\n<li>Fonds allemand en droit et philosophie.<\/li>\n<\/ul>\n<p>Ses fonds sont r\u00e9guli\u00e8rement augment\u00e9s gr\u00e2ce \u00e0 une politique d\u2019achats soutenue qui tient notamment compte de la faible disponibilit\u00e9 de certains ouvrages dans d&rsquo;autres biblioth\u00e8ques.<\/p>\n<\/div><div class=\"fusion-clearfix\"><\/div><\/div><\/div><div  class=\"fusion-layout-column fusion_builder_column fusion_builder_column_1_3 fusion-builder-column-2 fusion-one-third fusion-column-last 1_3\"  style='margin-top:0px;margin-bottom:20px;width:33.33%;width:calc(33.33% - ( ( 4% + 4% ) * 0.3333 ) );'><div class=\"fusion-column-wrapper\" style=\"padding: 0px 0px 0px 0px;background-position:left top;background-repeat:no-repeat;-webkit-background-size:cover;-moz-background-size:cover;-o-background-size:cover;background-size:cover;\"   data-bg-url=\"\"><style type=\"text\/css\">@media only screen and (max-width:800px) {.fusion-title.fusion-title-4{margin-top:10px!important;margin-bottom:10px!important;}}<\/style><div class=\"fusion-title title fusion-title-4 fusion-sep-none fusion-title-center fusion-title-text fusion-title-size-two\" style=\"margin-top:30px;margin-bottom:31px;\"><h2 class=\"title-heading-center\" style=\"margin:0;\">Conditions d&rsquo;acc\u00e8s<\/h2><\/div><div class=\"fusion-text\"><p>L&rsquo;acc\u00e8s se fait sur pr\u00e9sentation de la carte \u00e9tudiante ou de la carte professionnelle.<\/p>\n<ul>\n<li>\u00e9tudiants inscrits en Master 2 de philosophie du droit de l\u2019Universit\u00e9 Paris II Panth\u00e9on-Assas ;<\/li>\n<li>doctorants ;<\/li>\n<li>enseignants.<\/li>\n<\/ul>\n<p>\u00c0 titre exceptionnel, la biblioth\u00e8que peut recevoir d\u2019autres \u00e9tudiants si les ouvrages souhait\u00e9s ne sont pas disponibles dans les autres biblioth\u00e8ques parisiennes.<\/p>\n<p>Les ouvrages peuvent \u00eatre sortis de l&rsquo;institut <em>pour la journ\u00e9e<\/em> contre remise d&rsquo;une carte d&rsquo;identit\u00e9.<\/p>\n<\/div><div class=\"fusion-clearfix\"><\/div><\/div><\/div><\/div><\/div>\n","protected":false},"excerpt":{"rendered":"","protected":false},"author":1,"featured_media":0,"parent":14,"menu_order":0,"comment_status":"closed","ping_status":"closed","template":"","meta":{"footnotes":""},"_links":{"self":[{"href":"https:\/\/institutvilley.com\/index.php?rest_route=\/wp\/v2\/pages\/63"}],"collection":[{"href":"https:\/\/institutvilley.com\/index.php?rest_route=\/wp\/v2\/pages"}],"about":[{"href":"https:\/\/institutvilley.com\/index.php?rest_route=\/wp\/v2\/types\/page"}],"author":[{"embeddable":true,"href":"https:\/\/institutvilley.com\/index.php?rest_route=\/wp\/v2\/users\/1"}],"replies":[{"embeddable":true,"href":"https:\/\/institutvilley.com\/index.php?rest_route=%2Fwp%2Fv2%2Fcomments&post=63"}],"version-history":[{"count":15,"href":"https:\/\/institutvilley.com\/index.php?rest_route=\/wp\/v2\/pages\/63\/revisions"}],"predecessor-version":[{"id":3303,"href":"https:\/\/institutvilley.com\/index.php?rest_route=\/wp\/v2\/pages\/63\/revisions\/3303"}],"up":[{"embeddable":true,"href":"https:\/\/institutvilley.com\/index.php?rest_route=\/wp\/v2\/pages\/14"}],"wp:attachment":[{"href":"https:\/\/institutvilley.com\/index.php?rest_route=%2Fwp%2Fv2%2Fmedia&parent=63"}],"curies":[{"name":"wp","href":"https:\/\/api.w.org\/{rel}","templated":true}]}}