{"id":493,"date":"2019-03-08T16:45:13","date_gmt":"2019-03-08T16:45:13","guid":{"rendered":"http:\/\/institutvilley.com\/?page_id=493"},"modified":"2019-07-04T23:50:26","modified_gmt":"2019-07-04T23:50:26","slug":"thibault-guilluy","status":"publish","type":"page","link":"https:\/\/institutvilley.com\/?page_id=493","title":{"rendered":"Thibault Guilluy"},"content":{"rendered":"<div class=\"fusion-fullwidth fullwidth-box fusion-builder-row-1 nonhundred-percent-fullwidth non-hundred-percent-height-scrolling\"  style='background-color: rgba(255,255,255,0);background-position: center center;background-repeat: no-repeat;padding-top:0px;padding-right:0px;padding-bottom:0px;padding-left:0px;'><div class=\"fusion-builder-row fusion-row \"><div  class=\"fusion-layout-column fusion_builder_column fusion_builder_column_1_4 fusion-builder-column-0 fusion-one-fourth fusion-column-first 1_4\"  style='margin-top:0px;margin-bottom:20px;width:25%;width:calc(25% - ( ( 4% ) * 0.25 ) );margin-right: 4%;'><div class=\"fusion-column-wrapper\" style=\"padding: 0px 0px 0px 0px;background-position:left top;background-repeat:no-repeat;-webkit-background-size:cover;-moz-background-size:cover;-o-background-size:cover;background-size:cover;\"   data-bg-url=\"\"><div class=\"fusion-person person fusion-person-center fusion-person-1 fusion-person-icon-top\"><div class=\"person-desc\"><div class=\"person-author\"><div class=\"person-author-wrapper\"><span class=\"person-name\">Thibault Guilluy<\/span><span class=\"person-title\">Professeur de droit public \u00e0 l'Universit\u00e9 de Lorraine<\/span><\/div><\/div><div class=\"person-content fusion-clearfix\"><\/div><\/div><\/div><div class=\"fusion-content-boxes content-boxes columns row fusion-columns-1 fusion-columns-total-3 fusion-content-boxes-1 content-boxes-timeline-vertical content-left content-boxes-timeline-layout content-boxes-icon-with-title fusion-delayed-animation\" data-animation-delay=\"350\" data-animationOffset=\"100%\" style=\"margin-top:0px;margin-bottom:60px;\"><style type=\"text\/css\">.fusion-content-boxes-1 .heading .content-box-heading {color:#333333;}\n\t\t\t\t\t.fusion-content-boxes-1 .fusion-content-box-hover .link-area-link-icon-hover .heading .content-box-heading,\n\t\t\t\t\t.fusion-content-boxes-1 .fusion-content-box-hover .link-area-link-icon-hover .heading .heading-link .content-box-heading,\n\t\t\t\t\t.fusion-content-boxes-1 .fusion-content-box-hover .link-area-box-hover .heading .content-box-heading,\n\t\t\t\t\t.fusion-content-boxes-1 .fusion-content-box-hover .link-area-box-hover .heading .heading-link .content-box-heading,\n\t\t\t\t\t.fusion-content-boxes-1 .fusion-content-box-hover .link-area-link-icon-hover.link-area-box .fusion-read-more,\n\t\t\t\t\t.fusion-content-boxes-1 .fusion-content-box-hover .link-area-link-icon-hover.link-area-box .fusion-read-more::after,\n\t\t\t\t\t.fusion-content-boxes-1 .fusion-content-box-hover .link-area-link-icon-hover.link-area-box .fusion-read-more::before,\n\t\t\t\t\t.fusion-content-boxes-1 .fusion-content-box-hover .fusion-read-more:hover:after,\n\t\t\t\t\t.fusion-content-boxes-1 .fusion-content-box-hover .fusion-read-more:hover:before,\n\t\t\t\t\t.fusion-content-boxes-1 .fusion-content-box-hover .fusion-read-more:hover,\n\t\t\t\t\t.fusion-content-boxes-1 .fusion-content-box-hover .link-area-box-hover.link-area-box .fusion-read-more,\n\t\t\t\t\t.fusion-content-boxes-1 .fusion-content-box-hover .link-area-box-hover.link-area-box .fusion-read-more::after,\n\t\t\t\t\t.fusion-content-boxes-1 .fusion-content-box-hover .link-area-box-hover.link-area-box .fusion-read-more::before,\n\t\t\t\t\t.fusion-content-boxes-1 .fusion-content-box-hover .link-area-link-icon-hover .icon .circle-no,\n\t\t\t\t\t.fusion-content-boxes-1 .heading .heading-link:hover .content-box-heading {\n\t\t\t\t\t\tcolor: #e0cb55;\n\t\t\t\t\t}\n\t\t\t\t\t.fusion-content-boxes-1 .fusion-content-box-hover .link-area-box-hover .icon .circle-no {\n\t\t\t\t\t\tcolor: #e0cb55 !important;\n\t\t\t\t\t}.fusion-content-boxes-1 .fusion-content-box-hover .link-area-box.link-area-box-hover .fusion-content-box-button {background: #96c346;color: #ffffff;}.fusion-content-boxes-1 .fusion-content-box-hover .link-area-box.link-area-box-hover .fusion-content-box-button .fusion-button-text {color: #ffffff;}\n\t\t\t\t\t.fusion-content-boxes-1 .fusion-content-box-hover .link-area-link-icon-hover .heading .icon > span {\n\t\t\t\t\t\tbackground-color: #e0cb55 !important;\n\t\t\t\t\t}\n\t\t\t\t\t.fusion-content-boxes-1 .fusion-content-box-hover .link-area-box-hover .heading .icon > span {\n\t\t\t\t\t\tborder-color: #e0cb55 !important;\n\t\t\t\t\t}<\/style><div class=\"fusion-column content-box-column content-box-column content-box-column-1 col-lg-12 col-md-12 col-sm-12 fusion-content-box-hover content-box-column-last-in-row\"><div class=\"col content-box-wrapper content-wrapper link-area-link-icon icon-hover-animation-fade fusion-animated\" style=\"background-color:rgba(255,255,255,0);\" data-animationType=\"fadeIn\" data-animationDuration=\"0.25\" data-animationOffset=\"100%\"><div class=\"heading heading-with-icon icon-left\"><div class=\"icon\" style=\"-webkit-animation-duration: 350ms;animation-duration: 350ms;\"><i style=\"background-color:transparent;border-color:transparent;height:auto;width: 13px;line-height:normal;color:#385577;font-size:13px;\" class=\"fontawesome-icon fa-folder-open fas circle-no\"><\/i><\/div><h2 class=\"content-box-heading\" style=\"font-size:13px;line-height:18px;\">Enseignements<\/h2><\/div><div class=\"fusion-clearfix\"><\/div><div class=\"content-container\" style=\"padding-left:33px;color:#747474;\">\n<div class=\"field field-name-field-enseignement field-type-text-long field-label-above\">\n<div class=\"field-items\">\n<div class=\"field-item even\">\n<p>Droit constitutionnel<br \/>\nIntroduction au droit<br \/>\nDroit public compar\u00e9<br \/>\nDroit public de l\u2019\u00e9conomie<br \/>\nDroit fiscal<\/p>\n<\/div>\n<\/div>\n<\/div>\n<div class=\"field field-name-field-carriere field-type-text-long field-label-above\"><\/div>\n<\/div><\/div><\/div><div class=\"fusion-column content-box-column content-box-column content-box-column-2 col-lg-12 col-md-12 col-sm-12 fusion-content-box-hover content-box-column-last-in-row\"><div class=\"col content-box-wrapper content-wrapper link-area-link-icon icon-hover-animation-fade fusion-animated\" style=\"background-color:rgba(255,255,255,0);\" data-animationType=\"fadeIn\" data-animationDuration=\"0.25\" data-animationOffset=\"100%\"><div class=\"heading heading-with-icon icon-left\"><div class=\"icon\" style=\"-webkit-animation-duration: 350ms;animation-duration: 350ms;\"><i style=\"background-color:transparent;border-color:transparent;height:auto;width: 13px;line-height:normal;color:#385577;font-size:13px;\" class=\"fontawesome-icon fa-search fas circle-no\"><\/i><\/div><h2 class=\"content-box-heading\" style=\"font-size:13px;line-height:18px;\"> Th\u00e8mes et projets de recherche<\/h2><\/div><div class=\"fusion-clearfix\"><\/div><div class=\"content-container\" style=\"padding-left:33px;color:#747474;\">\n<p>Droit constitutionnel \u2013 Th\u00e9orie de l\u2019Etat \u2013 Droit public g\u00e9n\u00e9ral \u2013 Droit public compar\u00e9<\/p>\n<\/div><\/div><\/div><div class=\"fusion-column content-box-column content-box-column content-box-column-3 col-lg-12 col-md-12 col-sm-12 fusion-content-box-hover content-box-column-last content-box-column-last-in-row\"><div class=\"col content-box-wrapper content-wrapper link-area-link-icon icon-hover-animation-fade fusion-animated\" style=\"background-color:rgba(255,255,255,0);\" data-animationType=\"fadeIn\" data-animationDuration=\"0.25\" data-animationOffset=\"100%\"><div class=\"heading heading-with-icon icon-left\"><div class=\"icon\" style=\"-webkit-animation-duration: 350ms;animation-duration: 350ms;\"><i style=\"background-color:transparent;border-color:transparent;height:auto;width: 13px;line-height:normal;color:#385577;font-size:13px;\" class=\"fontawesome-icon fa-university fas circle-no\"><\/i><\/div><h2 class=\"content-box-heading\" style=\"font-size:13px;line-height:18px;\">Affiliations<\/h2><\/div><div class=\"fusion-clearfix\"><\/div><div class=\"content-container\" style=\"padding-left:33px;color:#747474;\">\n<p>Universit\u00e9 de Lorraine<\/p>\n<\/div><\/div><\/div><style type=\"text\/css\">\n\t\t\t\t\t\t.fusion-content-boxes-1 .fusion-content-box-hover .heading-link:hover .icon i.circle-yes,\n\t\t\t\t\t\t.fusion-content-boxes-1 .fusion-content-box-hover .link-area-box:hover .heading-link .icon i.circle-yes,\n\t\t\t\t\t\t.fusion-content-boxes-1 .fusion-content-box-hover .link-area-link-icon-hover .heading .icon i.circle-yes,\n\t\t\t\t\t\t.fusion-content-boxes-1 .fusion-content-box-hover .link-area-box-hover .heading .icon i.circle-yes {\n\t\t\t\t\t\t\tbackground-color: #e0cb55 !important;\n\t\t\t\t\t\t\tborder-color: #e0cb55 !important;\n\t\t\t\t\t\t}<\/style><div class=\"fusion-clearfix\"><\/div><\/div><div class=\"fusion-clearfix\"><\/div><\/div><\/div><div  class=\"fusion-layout-column fusion_builder_column fusion_builder_column_2_3 fusion-builder-column-1 fusion-two-third fusion-column-last 2_3\"  style='margin-top:0px;margin-bottom:20px;width:66.66%;width:calc(66.66% - ( ( 4% ) * 0.6666 ) );'><div class=\"fusion-column-wrapper\" style=\"padding: 0px 0px 0px 0px;background-position:left top;background-repeat:no-repeat;-webkit-background-size:cover;-moz-background-size:cover;-o-background-size:cover;background-size:cover;\"   data-bg-url=\"\"><div class=\"fusion-text\"><h1>Pr\u00e9sentation<\/h1>\n<p>Thibault Guilluy est professeur de droit public \u00e0 l&rsquo;Universit\u00e9 de Lorraine.<\/p>\n<\/div><div class=\"fusion-text\"><h1>Publications<\/h1>\n<p><strong>Ouvrage :<\/strong><\/p>\n<p><em>Du self-government des Dominions \u00e0 la d\u00e9volution : Recherches sur l\u2019apparition et l\u2019\u00e9volution de la Constitution britannique<\/em>\u00a0(pr\u00e9face d\u2019O. Beaud), Paris, Editions Panth\u00e9on Assas (coll. Th\u00e8ses), 2018<\/p>\n<p><strong>Articles et contributions :<\/strong><\/p>\n<ul>\n<li>\u00ab Les juges britanniques face au Brexit : Une revanche posthume du droit de l\u2019Union Europ\u00e9enne ? \u00bb\u00a0<em>in Jus Politicum. Revue de droit politique<\/em>, vol. IX, Paris, Dalloz, 2018, pp. 267-293.<\/li>\n<li>\u00ab Les conceptions de l\u2019empire dans l\u2019histoire britannique (XVIe-XVIIIe si\u00e8cle) : entre unit\u00e9 et union \u00bb\u00a0<em>in Jus Politicum. Revue de droit politique<\/em>, Hors-S\u00e9rie : Penser juridiquement l\u2019Empire ?, Paris, Dalloz, 2017, pp. 53-78.<\/li>\n<li>\u00ab\u00a0La libert\u00e9 de manifestation\u00a0: un droit introuvable\u00a0?\u00a0\u00bb in\u00a0<i>Revue fran\u00e7aise de droit administratif<\/i>, n\u00b03, mai-juin 2015, p. 499-511.<\/li>\n<li>\u00ab\u00a0Visions of Constitutionalism\u00a0: The Implementation of Representative Institutions in the British Colonies\u00a0\u00bb in Kelly L. Grotke &amp; Markus J. Prutsch (Ed.),\u00a0<i>Constitutionalism, Legitimacy and Power\u00a0: Nineteenth-Century Experiences<\/i>, Oxford, Oxford University Press, 2014, p. 281-299 (en anglais).<\/li>\n<li>\u00ab\u00a0Le Parliament Act de 1911 a-t-il intronis\u00e9 un nouveau souverain\u00a0? R\u00e9flexions sur la d\u00e9cision Jackson de 2005\u00a0\u00bb in\u00a0<i>Jus Politicum. Revue de droit politique<\/i>, Paris, Dalloz, vol. V, 2013, p. 241-268 [disponible en ligne in\u00a0<i>Jus Politicum<\/i>, n\u00b06, oct. 2011 [<a class=\"spip_out\" href=\"http:\/\/www.juspoliticum.com\/article\/Le-Parliament-Act-de-1911-a-t-il-intronise-un-nouveau-souverain-Reflexions-sur-la-decision-Jackson-376.html\" rel=\"external\">www.juspoliticum.com\/article\/Le-Par&#8230;<\/a>].<\/li>\n<li>Note de lecture sur A.V. DICEY, The Oxford Edition of Dicey, (J.W.F. Allison (ed.), Oxford\/New York, Oxford University Press, 2013) in Jus Politicum, Revue de droit politique, Paris, Dalloz, vol. VIII, 2016, pp. 295-301.<\/li>\n<li>\u00ab La libert\u00e9 de manifestation : un droit introuvable ? \u00bb\u00a0<em>in Revue fran\u00e7aise de droit administratif<\/em>, n\u00b0 3, mai-juin 2015, pp. 499-511.<\/li>\n<li>\u00ab Visions of Constitutionalism: The Implementation of Representative Institutions in the British Colonies \u00bb in Kelly L. Grotke &amp; Markus J. Prutsch (Ed.),\u00a0<em>Constitutionalism, Legitimacy and Power : Nineteenth-Century Experiences, Oxford, Oxford University Press<\/em>, 2014, pp. 281-299 (en anglais).<\/li>\n<li>\u00ab Le Parliament Act de 1911 a-t-il intronis\u00e9 un nouveau souverain ? R\u00e9flexions sur la d\u00e9cision Jackson de 2005 \u00bb\u00a0<em>in Jus Politicum. Revue de droit politique<\/em>, Paris, Dalloz, vol. V, 2013, pp. 241-268.<\/li>\n<\/ul>\n<\/div><div class=\"fusion-clearfix\"><\/div><\/div><\/div><\/div><\/div>\n","protected":false},"excerpt":{"rendered":"","protected":false},"author":1,"featured_media":0,"parent":0,"menu_order":0,"comment_status":"closed","ping_status":"closed","template":"","meta":{"footnotes":""},"_links":{"self":[{"href":"https:\/\/institutvilley.com\/index.php?rest_route=\/wp\/v2\/pages\/493"}],"collection":[{"href":"https:\/\/institutvilley.com\/index.php?rest_route=\/wp\/v2\/pages"}],"about":[{"href":"https:\/\/institutvilley.com\/index.php?rest_route=\/wp\/v2\/types\/page"}],"author":[{"embeddable":true,"href":"https:\/\/institutvilley.com\/index.php?rest_route=\/wp\/v2\/users\/1"}],"replies":[{"embeddable":true,"href":"https:\/\/institutvilley.com\/index.php?rest_route=%2Fwp%2Fv2%2Fcomments&post=493"}],"version-history":[{"count":7,"href":"https:\/\/institutvilley.com\/index.php?rest_route=\/wp\/v2\/pages\/493\/revisions"}],"predecessor-version":[{"id":1456,"href":"https:\/\/institutvilley.com\/index.php?rest_route=\/wp\/v2\/pages\/493\/revisions\/1456"}],"wp:attachment":[{"href":"https:\/\/institutvilley.com\/index.php?rest_route=%2Fwp%2Fv2%2Fmedia&parent=493"}],"curies":[{"name":"wp","href":"https:\/\/api.w.org\/{rel}","templated":true}]}}