{"id":194,"date":"2019-02-12T14:58:58","date_gmt":"2019-02-12T14:58:58","guid":{"rendered":"http:\/\/institutvilley.com\/?page_id=194"},"modified":"2023-11-10T14:09:39","modified_gmt":"2023-11-10T14:09:39","slug":"evenements","status":"publish","type":"page","link":"https:\/\/institutvilley.com\/?page_id=194","title":{"rendered":"\u00c9v\u00e9nements"},"content":{"rendered":"<p>Vendredi 8 D\u00e9cembre 2023 &#8211; Colloque<\/p>\n<p>Amphith\u00e9\u00e2tre Sainte-Barbe- 4, rue Valette 75005<\/p>\n<p>Le Droit Constitutionnel du Conseil d&rsquo;Etat. R\u00e9flexions sur la fa\u00e7on dont le Conseil d&rsquo;Etat interpr\u00e8te la Constitution<\/p>\n","protected":false},"excerpt":{"rendered":"<p>CONTENTS<\/p>\n","protected":false},"author":1,"featured_media":0,"parent":0,"menu_order":0,"comment_status":"closed","ping_status":"open","template":"","meta":{"footnotes":""},"_links":{"self":[{"href":"https:\/\/institutvilley.com\/index.php?rest_route=\/wp\/v2\/pages\/194"}],"collection":[{"href":"https:\/\/institutvilley.com\/index.php?rest_route=\/wp\/v2\/pages"}],"about":[{"href":"https:\/\/institutvilley.com\/index.php?rest_route=\/wp\/v2\/types\/page"}],"author":[{"embeddable":true,"href":"https:\/\/institutvilley.com\/index.php?rest_route=\/wp\/v2\/users\/1"}],"replies":[{"embeddable":true,"href":"https:\/\/institutvilley.com\/index.php?rest_route=%2Fwp%2Fv2%2Fcomments&post=194"}],"version-history":[{"count":3,"href":"https:\/\/institutvilley.com\/index.php?rest_route=\/wp\/v2\/pages\/194\/revisions"}],"predecessor-version":[{"id":3398,"href":"https:\/\/institutvilley.com\/index.php?rest_route=\/wp\/v2\/pages\/194\/revisions\/3398"}],"wp:attachment":[{"href":"https:\/\/institutvilley.com\/index.php?rest_route=%2Fwp%2Fv2%2Fmedia&parent=194"}],"curies":[{"name":"wp","href":"https:\/\/api.w.org\/{rel}","templated":true}]}}