{"id":14,"date":"2019-01-31T16:10:40","date_gmt":"2019-01-31T16:10:40","guid":{"rendered":"http:\/\/institutvilley.com\/?page_id=14"},"modified":"2026-04-03T12:18:09","modified_gmt":"2026-04-03T12:18:09","slug":"linstitut","status":"publish","type":"page","link":"https:\/\/institutvilley.com\/?page_id=14","title":{"rendered":"L&rsquo;institut"},"content":{"rendered":"<div class=\"fusion-fullwidth fullwidth-box fusion-builder-row-1 nonhundred-percent-fullwidth non-hundred-percent-height-scrolling\"  style='background-color: rgba(255,255,255,0);background-position: center center;background-repeat: no-repeat;padding-top:0px;padding-right:0px;padding-bottom:0px;padding-left:0px;'><div class=\"fusion-builder-row fusion-row \"><div  class=\"fusion-layout-column fusion_builder_column fusion_builder_column_1_5 fusion-builder-column-0 fusion-one-fifth fusion-column-first 1_5\"  style='margin-top:0px;margin-bottom:20px;width:20%;width:calc(20% - ( ( 4% ) * 0.2 ) );margin-right: 4%;'><div class=\"fusion-column-wrapper\" style=\"background-color:#d8e2eb;padding: 0px 10px 0px 10px;background-position:left top;background-repeat:no-repeat;-webkit-background-size:cover;-moz-background-size:cover;-o-background-size:cover;background-size:cover;\"   data-bg-url=\"\"><div class=\"fusion-image-carousel fusion-image-carousel-auto lightbox-enabled fusion-carousel-border\"><div class=\"fusion-carousel\" data-autoplay=\"yes\" data-columns=\"1\" data-itemmargin=\"13\" data-itemwidth=\"180\" data-touchscroll=\"no\" data-imagesize=\"auto\"><div class=\"fusion-carousel-positioner\"><ul class=\"fusion-carousel-holder\"><li class=\"fusion-carousel-item\"><div class=\"fusion-carousel-item-wrapper\"><div class=\"fusion-image-wrapper hover-type-none\"><a data-rel=\"iLightbox[image_carousel_1]\" data-title=\"Logo IMV (GRAND)\" aria-label=\"Logo IMV (GRAND)\" href=\"http:\/\/institutvilley.com\/wp-content\/uploads\/2019\/02\/Logo-imv-grand.jpg\" target=\"_self\"><img loading=\"lazy\" decoding=\"async\" width=\"250\" height=\"250\" src=\"https:\/\/institutvilley.com\/wp-content\/uploads\/2019\/02\/Logo-imv-grand.jpg\" class=\"attachment-full size-full\" alt=\"\" srcset=\"https:\/\/institutvilley.com\/wp-content\/uploads\/2019\/02\/Logo-imv-grand-66x66.jpg 66w, https:\/\/institutvilley.com\/wp-content\/uploads\/2019\/02\/Logo-imv-grand-150x150.jpg 150w, https:\/\/institutvilley.com\/wp-content\/uploads\/2019\/02\/Logo-imv-grand-200x200.jpg 200w, https:\/\/institutvilley.com\/wp-content\/uploads\/2019\/02\/Logo-imv-grand.jpg 250w\" sizes=\"(max-width: 250px) 100vw, 250px\" \/><\/a><\/div><\/div><\/li><li class=\"fusion-carousel-item\"><div class=\"fusion-carousel-item-wrapper\"><div class=\"fusion-image-wrapper hover-type-none\"><a data-rel=\"iLightbox[image_carousel_1]\" data-title=\"Vue de la place du Panth\u00e9on depuis l&rsquo;Institut Villey\" aria-label=\"Vue de la place du Panth\u00e9on depuis l&rsquo;Institut Villey\" href=\"http:\/\/institutvilley.com\/wp-content\/uploads\/2019\/02\/IMG_20190221_171201_175.jpg\" target=\"_self\"><img loading=\"lazy\" decoding=\"async\" width=\"2250\" height=\"2250\" src=\"https:\/\/institutvilley.com\/wp-content\/uploads\/2019\/02\/IMG_20190221_171201_175.jpg\" class=\"attachment-full size-full\" alt=\"\" srcset=\"https:\/\/institutvilley.com\/wp-content\/uploads\/2019\/02\/IMG_20190221_171201_175-66x66.jpg 66w, https:\/\/institutvilley.com\/wp-content\/uploads\/2019\/02\/IMG_20190221_171201_175-150x150.jpg 150w, https:\/\/institutvilley.com\/wp-content\/uploads\/2019\/02\/IMG_20190221_171201_175-200x200.jpg 200w, https:\/\/institutvilley.com\/wp-content\/uploads\/2019\/02\/IMG_20190221_171201_175-300x300.jpg 300w, https:\/\/institutvilley.com\/wp-content\/uploads\/2019\/02\/IMG_20190221_171201_175-400x400.jpg 400w, https:\/\/institutvilley.com\/wp-content\/uploads\/2019\/02\/IMG_20190221_171201_175-600x600.jpg 600w, https:\/\/institutvilley.com\/wp-content\/uploads\/2019\/02\/IMG_20190221_171201_175-768x768.jpg 768w, https:\/\/institutvilley.com\/wp-content\/uploads\/2019\/02\/IMG_20190221_171201_175-800x800.jpg 800w, https:\/\/institutvilley.com\/wp-content\/uploads\/2019\/02\/IMG_20190221_171201_175-1024x1024.jpg 1024w, https:\/\/institutvilley.com\/wp-content\/uploads\/2019\/02\/IMG_20190221_171201_175-1200x1200.jpg 1200w, https:\/\/institutvilley.com\/wp-content\/uploads\/2019\/02\/IMG_20190221_171201_175.jpg 2250w\" sizes=\"(max-width: 2250px) 100vw, 2250px\" \/><\/a><\/div><\/div><\/li><li class=\"fusion-carousel-item\"><div class=\"fusion-carousel-item-wrapper\"><div class=\"fusion-image-wrapper hover-type-none\"><a data-rel=\"iLightbox[image_carousel_1]\" data-title=\"Salle de travail de l&rsquo;Institut Villey\" aria-label=\"Salle de travail de l&rsquo;Institut Villey\" href=\"http:\/\/institutvilley.com\/wp-content\/uploads\/2019\/02\/IMG_20190221_171549_445.jpg\" target=\"_self\"><img loading=\"lazy\" decoding=\"async\" width=\"2250\" height=\"2250\" src=\"https:\/\/institutvilley.com\/wp-content\/uploads\/2019\/02\/IMG_20190221_171549_445.jpg\" class=\"attachment-full size-full\" alt=\"\" srcset=\"https:\/\/institutvilley.com\/wp-content\/uploads\/2019\/02\/IMG_20190221_171549_445-66x66.jpg 66w, https:\/\/institutvilley.com\/wp-content\/uploads\/2019\/02\/IMG_20190221_171549_445-150x150.jpg 150w, https:\/\/institutvilley.com\/wp-content\/uploads\/2019\/02\/IMG_20190221_171549_445-200x200.jpg 200w, https:\/\/institutvilley.com\/wp-content\/uploads\/2019\/02\/IMG_20190221_171549_445-300x300.jpg 300w, https:\/\/institutvilley.com\/wp-content\/uploads\/2019\/02\/IMG_20190221_171549_445-400x400.jpg 400w, https:\/\/institutvilley.com\/wp-content\/uploads\/2019\/02\/IMG_20190221_171549_445-600x600.jpg 600w, https:\/\/institutvilley.com\/wp-content\/uploads\/2019\/02\/IMG_20190221_171549_445-768x768.jpg 768w, https:\/\/institutvilley.com\/wp-content\/uploads\/2019\/02\/IMG_20190221_171549_445-800x800.jpg 800w, https:\/\/institutvilley.com\/wp-content\/uploads\/2019\/02\/IMG_20190221_171549_445-1024x1024.jpg 1024w, https:\/\/institutvilley.com\/wp-content\/uploads\/2019\/02\/IMG_20190221_171549_445-1200x1200.jpg 1200w, https:\/\/institutvilley.com\/wp-content\/uploads\/2019\/02\/IMG_20190221_171549_445.jpg 2250w\" sizes=\"(max-width: 2250px) 100vw, 2250px\" \/><\/a><\/div><\/div><\/li><li class=\"fusion-carousel-item\"><div class=\"fusion-carousel-item-wrapper\"><div class=\"fusion-image-wrapper hover-type-none\"><a data-rel=\"iLightbox[image_carousel_1]\" data-title=\"Quelques uns des ouvrages de la biblioth\u00e8que\" aria-label=\"Quelques uns des ouvrages de la biblioth\u00e8que\" href=\"http:\/\/institutvilley.com\/wp-content\/uploads\/2019\/02\/IMG_20190221_171413_084.jpg\" target=\"_self\"><img loading=\"lazy\" decoding=\"async\" width=\"2250\" height=\"2250\" src=\"https:\/\/institutvilley.com\/wp-content\/uploads\/2019\/02\/IMG_20190221_171413_084.jpg\" class=\"attachment-full size-full\" alt=\"\" srcset=\"https:\/\/institutvilley.com\/wp-content\/uploads\/2019\/02\/IMG_20190221_171413_084-66x66.jpg 66w, https:\/\/institutvilley.com\/wp-content\/uploads\/2019\/02\/IMG_20190221_171413_084-150x150.jpg 150w, https:\/\/institutvilley.com\/wp-content\/uploads\/2019\/02\/IMG_20190221_171413_084-200x200.jpg 200w, https:\/\/institutvilley.com\/wp-content\/uploads\/2019\/02\/IMG_20190221_171413_084-300x300.jpg 300w, https:\/\/institutvilley.com\/wp-content\/uploads\/2019\/02\/IMG_20190221_171413_084-400x400.jpg 400w, https:\/\/institutvilley.com\/wp-content\/uploads\/2019\/02\/IMG_20190221_171413_084-600x600.jpg 600w, https:\/\/institutvilley.com\/wp-content\/uploads\/2019\/02\/IMG_20190221_171413_084-768x768.jpg 768w, https:\/\/institutvilley.com\/wp-content\/uploads\/2019\/02\/IMG_20190221_171413_084-800x800.jpg 800w, https:\/\/institutvilley.com\/wp-content\/uploads\/2019\/02\/IMG_20190221_171413_084-1024x1024.jpg 1024w, https:\/\/institutvilley.com\/wp-content\/uploads\/2019\/02\/IMG_20190221_171413_084-1200x1200.jpg 1200w, https:\/\/institutvilley.com\/wp-content\/uploads\/2019\/02\/IMG_20190221_171413_084.jpg 2250w\" sizes=\"(max-width: 2250px) 100vw, 2250px\" \/><\/a><\/div><\/div><\/li><li class=\"fusion-carousel-item\"><div class=\"fusion-carousel-item-wrapper\"><div class=\"fusion-image-wrapper hover-type-none\"><a data-rel=\"iLightbox[image_carousel_1]\" data-title=\"Quelques unes des revues de la biblioth\u00e8que\" aria-label=\"Quelques unes des revues de la biblioth\u00e8que\" href=\"http:\/\/institutvilley.com\/wp-content\/uploads\/2019\/02\/IMG_20190221_171316_450.jpg\" target=\"_self\"><img loading=\"lazy\" decoding=\"async\" width=\"1814\" height=\"1814\" src=\"https:\/\/institutvilley.com\/wp-content\/uploads\/2019\/02\/IMG_20190221_171316_450.jpg\" class=\"attachment-full size-full\" alt=\"\" srcset=\"https:\/\/institutvilley.com\/wp-content\/uploads\/2019\/02\/IMG_20190221_171316_450-66x66.jpg 66w, https:\/\/institutvilley.com\/wp-content\/uploads\/2019\/02\/IMG_20190221_171316_450-150x150.jpg 150w, https:\/\/institutvilley.com\/wp-content\/uploads\/2019\/02\/IMG_20190221_171316_450-200x200.jpg 200w, https:\/\/institutvilley.com\/wp-content\/uploads\/2019\/02\/IMG_20190221_171316_450-300x300.jpg 300w, https:\/\/institutvilley.com\/wp-content\/uploads\/2019\/02\/IMG_20190221_171316_450-400x400.jpg 400w, https:\/\/institutvilley.com\/wp-content\/uploads\/2019\/02\/IMG_20190221_171316_450-600x600.jpg 600w, https:\/\/institutvilley.com\/wp-content\/uploads\/2019\/02\/IMG_20190221_171316_450-768x768.jpg 768w, https:\/\/institutvilley.com\/wp-content\/uploads\/2019\/02\/IMG_20190221_171316_450-800x800.jpg 800w, https:\/\/institutvilley.com\/wp-content\/uploads\/2019\/02\/IMG_20190221_171316_450-1024x1024.jpg 1024w, https:\/\/institutvilley.com\/wp-content\/uploads\/2019\/02\/IMG_20190221_171316_450-1200x1200.jpg 1200w, https:\/\/institutvilley.com\/wp-content\/uploads\/2019\/02\/IMG_20190221_171316_450.jpg 1814w\" sizes=\"(max-width: 1814px) 100vw, 1814px\" \/><\/a><\/div><\/div><\/li><li class=\"fusion-carousel-item\"><div class=\"fusion-carousel-item-wrapper\"><div class=\"fusion-image-wrapper hover-type-none\"><a data-rel=\"iLightbox[image_carousel_1]\" data-title=\"L&rsquo;Institut Villey au 1 rue d&rsquo;Ulm\" aria-label=\"L&rsquo;Institut Villey au 1 rue d&rsquo;Ulm\" href=\"http:\/\/institutvilley.com\/wp-content\/uploads\/2019\/02\/IMG_20190221_171104_993.jpg\" target=\"_self\"><img loading=\"lazy\" decoding=\"async\" width=\"2250\" height=\"2250\" src=\"https:\/\/institutvilley.com\/wp-content\/uploads\/2019\/02\/IMG_20190221_171104_993.jpg\" class=\"attachment-full size-full\" alt=\"\" srcset=\"https:\/\/institutvilley.com\/wp-content\/uploads\/2019\/02\/IMG_20190221_171104_993-66x66.jpg 66w, https:\/\/institutvilley.com\/wp-content\/uploads\/2019\/02\/IMG_20190221_171104_993-150x150.jpg 150w, https:\/\/institutvilley.com\/wp-content\/uploads\/2019\/02\/IMG_20190221_171104_993-200x200.jpg 200w, https:\/\/institutvilley.com\/wp-content\/uploads\/2019\/02\/IMG_20190221_171104_993-300x300.jpg 300w, https:\/\/institutvilley.com\/wp-content\/uploads\/2019\/02\/IMG_20190221_171104_993-400x400.jpg 400w, https:\/\/institutvilley.com\/wp-content\/uploads\/2019\/02\/IMG_20190221_171104_993-600x600.jpg 600w, https:\/\/institutvilley.com\/wp-content\/uploads\/2019\/02\/IMG_20190221_171104_993-768x768.jpg 768w, https:\/\/institutvilley.com\/wp-content\/uploads\/2019\/02\/IMG_20190221_171104_993-800x800.jpg 800w, https:\/\/institutvilley.com\/wp-content\/uploads\/2019\/02\/IMG_20190221_171104_993-1024x1024.jpg 1024w, https:\/\/institutvilley.com\/wp-content\/uploads\/2019\/02\/IMG_20190221_171104_993-1200x1200.jpg 1200w, https:\/\/institutvilley.com\/wp-content\/uploads\/2019\/02\/IMG_20190221_171104_993.jpg 2250w\" sizes=\"(max-width: 2250px) 100vw, 2250px\" \/><\/a><\/div><\/div><\/li><\/ul><\/div><\/div><\/div><style type=\"text\/css\">@media only screen and (max-width:800px) {.fusion-title.fusion-title-1{margin-top:10px!important;margin-bottom:10px!important;}}<\/style><div class=\"fusion-title title fusion-title-1 fusion-sep-none fusion-title-text fusion-title-size-two\" style=\"font-size:15px;margin-top:20px;margin-bottom:10px;\"><h2 class=\"title-heading-left\" style=\"margin:0;font-size:1em;\">Contact<\/h2><\/div><style type=\"text\/css\">@media only screen and (max-width:800px) {.fusion-title.fusion-title-2{margin-top:10px!important;margin-bottom:10px!important;}}<\/style><div class=\"fusion-title title fusion-title-2 fusion-sep-none fusion-title-text fusion-title-size-one\" style=\"margin-top:0px;margin-bottom:31px;\"><h1 class=\"title-heading-left\" style=\"margin:0;\"><h4>Institut Michel Villey<\/h4>\n<p>Universit\u00e9 de Paris-Panth\u00e9on-Assas<br \/>\n12 rue de Santeuil<br \/>\n75 005 Paris<\/p>\n<h4>Secr\u00e9tariat :<\/h4>\n<p>+33 (0) 1 44 41 89 92<br \/>\ninstitut-villey@assas-universite.fr<\/p>\n<h4>Horaires du secr\u00e9tariat\u00a0:<\/h4>\n<p>Lundi &#8211; vendredi\u00a0: 9h30-17h30<\/p>\n<h4><strong>Liste de diffusion<\/strong><\/h4>\n<p><a href=\"https:\/\/groupes.renater.fr\/sympa\/subscribe\/institut-villey\">Inscription<\/a><\/p><\/h1><\/div><div class=\"fusion-clearfix\"><\/div><\/div><\/div><div  class=\"fusion-layout-column fusion_builder_column fusion_builder_column_2_3 fusion-builder-column-1 fusion-two-third fusion-column-last 2_3\"  style='margin-top:0px;margin-bottom:20px;width:66.66%;width:calc(66.66% - ( ( 4% ) * 0.6666 ) );'><div class=\"fusion-column-wrapper\" style=\"padding: 0px 0px 0px 0px;background-position:left top;background-repeat:no-repeat;-webkit-background-size:cover;-moz-background-size:cover;-o-background-size:cover;background-size:cover;\"   data-bg-url=\"\"><style type=\"text\/css\">@media only screen and (max-width:800px) {.fusion-title.fusion-title-3{margin-top:10px!important;margin-bottom:10px!important;}}<\/style><div class=\"fusion-title title fusion-title-3 fusion-sep-none fusion-title-text fusion-title-size-two\" style=\"margin-top:0px;margin-bottom:31px;\"><h2 class=\"title-heading-left\" style=\"margin:0;\">L&rsquo;Institut Michel Villey pour la culture juridique et la philosophie du droit<\/h2><\/div><div class=\"fusion-text\"><p><strong>L\u2019Institut Michel Villey<\/strong> est un centre de recherches de l\u2019Universit\u00e9 Paris Panth\u00e9on-Assas. L\u2019institut est le principal centre de recherche fran\u00e7ais en mati\u00e8re de culture juridique et de philosophie du droit. Il a pris en 1998 la succession du <strong>Centre de Philosophie du droit<\/strong> anim\u00e9 depuis la fin des ann\u00e9es cinquante du si\u00e8cle dernier par les professeurs Batiffol, Eisenmann et, au premier chef, Michel Villey. Cr\u00e9\u00e9 dans sa forme actuelle par St\u00e9phane Rials en 1998, l\u2019Institut a \u00e9t\u00e9 dirig\u00e9 par Olivier Beaud de 2007 \u00e0 2018, et est dirig\u00e9 par Denis Baranger depuis le 1<sup class=\"typo_exposants\">er<\/sup> octobre 2018. Lieu de rencontres entre sp\u00e9cialistes fran\u00e7ais et \u00e9trangers, l\u2019Institut Michel Villey organise chaque ann\u00e9e un grand nombre de conf\u00e9rences et de s\u00e9minaires (voir\u00a0: <a class=\"spip_out\" href=\"http:\/\/institutvilley.com\/Activites\" rel=\"external\">http:\/\/institutvilley.com\/Activites<\/a>).<\/p>\n<p>L\u2019Institut publie deux revues\u00a0:<\/p>\n<ul>\n<li><i>Droit &amp; Philosophie<\/i> (publi\u00e9e annuellement aux \u00e9ditions Dalloz). On trouvera le site de cette revue \u00e0 l\u2019adresse suivante\u00a0: <a class=\"spip_out\" href=\"http:\/\/www.droitphilosophie.com\" rel=\"external\">www.droitphilosophie.com<\/a>.<\/li>\n<li><i>Jus Politicum, revue internationale de droit politique<\/i> (publication annuelle aux \u00e9ditions Dalloz et publication bisanuelle sur <a class=\"spip_out\" href=\"http:\/\/www.juspoliticum.com\" rel=\"external\">www.juspoliticum.com<\/a>). L\u2019actualit\u00e9 de <i>Jus Politicum<\/i> peut \u00e9galement \u00eatre suivie sur Twitter, @<a href=\"https:\/\/www.twitter.com\/JusPoliticum\">JusPoliticum<\/a>.<\/li>\n<\/ul>\n<p>L\u2019institut participe aux enseignements dispens\u00e9s dans la fili\u00e8re \u00ab\u00a0fondements du droit\u00a0\u00bb du coll\u00e8ge de droit de l\u2019Universit\u00e9 Paris II Panth\u00e9on-Assas.<\/p>\n<p>Nous avons re\u00e7u l\u2019\u00e9valuation la plus \u00e9lev\u00e9e (A+) attribu\u00e9e par l\u2019AERES (avril 2008). Cinq de nos membres sont ou ont \u00e9t\u00e9 membres de l\u2019Institut Universitaire de France.<\/p>\n<p>L\u2019Institut a accueilli de 2009 \u00e0 2012 le projet \u00ab\u00a0droit politique\u00a0\u00bb soutenu par l\u2019Agence Nationale de la Recherche.<\/p>\n<\/div><style type=\"text\/css\">@media only screen and (max-width:800px) {.fusion-title.fusion-title-4{margin-top:10px!important;margin-bottom:10px!important;}}<\/style><div class=\"fusion-title title fusion-title-4 fusion-sep-none fusion-title-text fusion-title-size-two\" style=\"margin-top:0px;margin-bottom:31px;\"><h2 class=\"title-heading-left\" style=\"margin:0;\">The Michel Villey Institute for Legal Culture and Philosophy of Law<\/h2><\/div><div class=\"fusion-text\"><p>The <i>Institut Michel Villey<\/i> is a research centre of the <i>Universit\u00e9 Paris Panth\u00e9on-Assas<\/i>. The Institute is the main French research centre for legal culture and philosophy of law. In 1998, it took over from the <i>Centre de Philosophie du Droit <\/i> which had been led since the late 1950\u2019s by professors Battifol, Eisenmann and \u2013 primarily &#8211; Michel Villey. The <i>Institut Michel Villey<\/i> was created in its current form in 1998 by St\u00e9phane Rials, and has been directed by Olivier Beaud from 2007 to 2018. It is directed by Denis Baranger since october, 2018. As a place of meetings and exchanges between French and foreign specialists, each year the Institute organizes a large number of events, ranging from lectures and seminars, to symposiums (see\u00a0: <a class=\"spip_out\" href=\"http:\/\/institutvilley.com\/Activites\" rel=\"external\">http:\/\/institutvilley.com\/Activites<\/a>).<\/p>\n<p>The Institute publishes two journals\u00a0:<\/p>\n<ul>\n<li><a class=\"spip_out\" href=\"http:\/\/www.droitphilosophie.com\" rel=\"external\"><i>Droit &amp; Philosophie<\/i><\/a> and Dalloz for the paper version.<\/li>\n<li><i>Jus Politicum<\/i> (<a class=\"spip_out\" href=\"http:\/\/www.juspoliticum.com\" rel=\"external\">www.juspoliticum.com<\/a> and \u00e9d. Dalloz for the paper version), a constitutional law review that aims to revitalise this discipline by opening it both to political philosophy and to constitutional history.<\/li>\n<\/ul>\n<p>The Institute also takes part and contributes to the courses and seminars provided in the <i>Coll\u00e8ge de Droit<\/i> of the <i>Universit\u00e9 Paris II Panth\u00e9on-Assas<\/i>.<\/p>\n<p>We have received the highest rank (A+) awarded by the French Evaluation Agency for Research and Higher Education (AERES, april 2008). Five of our members are or have been members of the <i>Institut Universitaire de France<\/i>.<\/p>\n<p>From 2009 to 2012, the Institute has hosted the \u201cdroit politique\u201d project supported by the French National Research Agency.<\/p>\n<\/div><div class=\"fusion-clearfix\"><\/div><\/div><\/div><\/div><\/div>\n","protected":false},"excerpt":{"rendered":"","protected":false},"author":1,"featured_media":0,"parent":0,"menu_order":0,"comment_status":"closed","ping_status":"closed","template":"","meta":{"footnotes":""},"_links":{"self":[{"href":"https:\/\/institutvilley.com\/index.php?rest_route=\/wp\/v2\/pages\/14"}],"collection":[{"href":"https:\/\/institutvilley.com\/index.php?rest_route=\/wp\/v2\/pages"}],"about":[{"href":"https:\/\/institutvilley.com\/index.php?rest_route=\/wp\/v2\/types\/page"}],"author":[{"embeddable":true,"href":"https:\/\/institutvilley.com\/index.php?rest_route=\/wp\/v2\/users\/1"}],"replies":[{"embeddable":true,"href":"https:\/\/institutvilley.com\/index.php?rest_route=%2Fwp%2Fv2%2Fcomments&post=14"}],"version-history":[{"count":45,"href":"https:\/\/institutvilley.com\/index.php?rest_route=\/wp\/v2\/pages\/14\/revisions"}],"predecessor-version":[{"id":3885,"href":"https:\/\/institutvilley.com\/index.php?rest_route=\/wp\/v2\/pages\/14\/revisions\/3885"}],"wp:attachment":[{"href":"https:\/\/institutvilley.com\/index.php?rest_route=%2Fwp%2Fv2%2Fmedia&parent=14"}],"curies":[{"name":"wp","href":"https:\/\/api.w.org\/{rel}","templated":true}]}}