{"id":128,"date":"2019-02-07T12:31:00","date_gmt":"2019-02-07T12:31:00","guid":{"rendered":"http:\/\/institutvilley.com\/?page_id=128"},"modified":"2026-04-20T14:42:00","modified_gmt":"2026-04-20T14:42:00","slug":"philippe-lauvaux","status":"publish","type":"page","link":"https:\/\/institutvilley.com\/?page_id=128","title":{"rendered":"Maud Michaut"},"content":{"rendered":"<div class=\"fusion-fullwidth fullwidth-box fusion-builder-row-1 nonhundred-percent-fullwidth non-hundred-percent-height-scrolling\"  style='background-color: rgba(255,255,255,0);background-position: center center;background-repeat: no-repeat;padding-top:0px;padding-right:0px;padding-bottom:0px;padding-left:0px;'><div class=\"fusion-builder-row fusion-row \"><div  class=\"fusion-layout-column fusion_builder_column fusion_builder_column_1_4 fusion-builder-column-0 fusion-one-fourth fusion-column-first 1_4\"  style='margin-top:0px;margin-bottom:20px;width:25%;width:calc(25% - ( ( 4% ) * 0.25 ) );margin-right: 4%;'><div class=\"fusion-column-wrapper\" style=\"padding: 0px 0px 0px 0px;background-position:left top;background-repeat:no-repeat;-webkit-background-size:cover;-moz-background-size:cover;-o-background-size:cover;background-size:cover;\"   data-bg-url=\"\"><div class=\"fusion-person person fusion-person-center fusion-person-1 fusion-person-icon-top\"><div class=\"person-desc\"><div class=\"person-author\"><div class=\"person-author-wrapper\"><span class=\"person-name\">Maud Michaut<\/span><span class=\"person-title\">Ma\u00eetresse de conf\u00e9rences en droit public \u00e0 l\u2019Universit\u00e9 Paris Panth\u00e9on-Assas<\/span><\/div><\/div><div class=\"person-content fusion-clearfix\"><\/div><\/div><\/div><div class=\"fusion-content-boxes content-boxes columns row fusion-columns-1 fusion-columns-total-3 fusion-content-boxes-1 content-boxes-timeline-vertical content-left content-boxes-timeline-layout content-boxes-icon-with-title fusion-delayed-animation\" data-animation-delay=\"350\" data-animationOffset=\"100%\" style=\"margin-top:0px;margin-bottom:60px;\"><style type=\"text\/css\">.fusion-content-boxes-1 .heading .content-box-heading {color:#333333;}\n\t\t\t\t\t.fusion-content-boxes-1 .fusion-content-box-hover .link-area-link-icon-hover .heading .content-box-heading,\n\t\t\t\t\t.fusion-content-boxes-1 .fusion-content-box-hover .link-area-link-icon-hover .heading .heading-link .content-box-heading,\n\t\t\t\t\t.fusion-content-boxes-1 .fusion-content-box-hover .link-area-box-hover .heading .content-box-heading,\n\t\t\t\t\t.fusion-content-boxes-1 .fusion-content-box-hover .link-area-box-hover .heading .heading-link .content-box-heading,\n\t\t\t\t\t.fusion-content-boxes-1 .fusion-content-box-hover .link-area-link-icon-hover.link-area-box .fusion-read-more,\n\t\t\t\t\t.fusion-content-boxes-1 .fusion-content-box-hover .link-area-link-icon-hover.link-area-box .fusion-read-more::after,\n\t\t\t\t\t.fusion-content-boxes-1 .fusion-content-box-hover .link-area-link-icon-hover.link-area-box .fusion-read-more::before,\n\t\t\t\t\t.fusion-content-boxes-1 .fusion-content-box-hover .fusion-read-more:hover:after,\n\t\t\t\t\t.fusion-content-boxes-1 .fusion-content-box-hover .fusion-read-more:hover:before,\n\t\t\t\t\t.fusion-content-boxes-1 .fusion-content-box-hover .fusion-read-more:hover,\n\t\t\t\t\t.fusion-content-boxes-1 .fusion-content-box-hover .link-area-box-hover.link-area-box .fusion-read-more,\n\t\t\t\t\t.fusion-content-boxes-1 .fusion-content-box-hover .link-area-box-hover.link-area-box .fusion-read-more::after,\n\t\t\t\t\t.fusion-content-boxes-1 .fusion-content-box-hover .link-area-box-hover.link-area-box .fusion-read-more::before,\n\t\t\t\t\t.fusion-content-boxes-1 .fusion-content-box-hover .link-area-link-icon-hover .icon .circle-no,\n\t\t\t\t\t.fusion-content-boxes-1 .heading .heading-link:hover .content-box-heading {\n\t\t\t\t\t\tcolor: #e0cb55;\n\t\t\t\t\t}\n\t\t\t\t\t.fusion-content-boxes-1 .fusion-content-box-hover .link-area-box-hover .icon .circle-no {\n\t\t\t\t\t\tcolor: #e0cb55 !important;\n\t\t\t\t\t}.fusion-content-boxes-1 .fusion-content-box-hover .link-area-box.link-area-box-hover .fusion-content-box-button {background: #96c346;color: #ffffff;}.fusion-content-boxes-1 .fusion-content-box-hover .link-area-box.link-area-box-hover .fusion-content-box-button .fusion-button-text {color: #ffffff;}\n\t\t\t\t\t.fusion-content-boxes-1 .fusion-content-box-hover .link-area-link-icon-hover .heading .icon > span {\n\t\t\t\t\t\tbackground-color: #e0cb55 !important;\n\t\t\t\t\t}\n\t\t\t\t\t.fusion-content-boxes-1 .fusion-content-box-hover .link-area-box-hover .heading .icon > span {\n\t\t\t\t\t\tborder-color: #e0cb55 !important;\n\t\t\t\t\t}<\/style><div class=\"fusion-column content-box-column content-box-column content-box-column-1 col-lg-12 col-md-12 col-sm-12 fusion-content-box-hover content-box-column-last-in-row\"><div class=\"col content-box-wrapper content-wrapper link-area-link-icon icon-hover-animation-none fusion-animated\" style=\"background-color:rgba(255,255,255,0);\" data-animationType=\"fadeIn\" data-animationDuration=\"0.25\" data-animationOffset=\"100%\"><div class=\"heading heading-with-icon icon-left\"><div class=\"icon\" style=\"-webkit-animation-duration: 350ms;animation-duration: 350ms;\"><i style=\"background-color:transparent;border-color:transparent;height:auto;width: 13px;line-height:normal;color:#385577;font-size:13px;\" class=\"fontawesome-icon fa-tags fas circle-no\"><\/i><\/div><h2 class=\"content-box-heading\" style=\"font-size:13px;line-height:18px;\">Affiliation<\/h2><\/div><div class=\"fusion-clearfix\"><\/div><div class=\"content-container\" style=\"padding-left:33px;color:#747474;\">\n<p>Institut Michel Villey<br \/>\nUniversit\u00e9 Paris II Panth\u00e9on-Assas<br \/>\n12, Place du Panth\u00e9on 75 231 Paris Cedex 05<\/p>\n<\/div><\/div><\/div><div class=\"fusion-column content-box-column content-box-column content-box-column-2 col-lg-12 col-md-12 col-sm-12 fusion-content-box-hover content-box-column-last-in-row\"><div class=\"col content-box-wrapper content-wrapper link-area-link-icon icon-hover-animation-none fusion-animated\" style=\"background-color:rgba(255,255,255,0);\" data-animationType=\"fadeIn\" data-animationDuration=\"0.25\" data-animationOffset=\"100%\"><div class=\"heading heading-with-icon icon-left\"><div class=\"icon\" style=\"-webkit-animation-duration: 350ms;animation-duration: 350ms;\"><i style=\"background-color:transparent;border-color:transparent;height:auto;width: 13px;line-height:normal;color:#385577;font-size:13px;\" class=\"fontawesome-icon fa-university fas circle-no\"><\/i><\/div><h2 class=\"content-box-heading\" style=\"font-size:13px;line-height:18px;\">Th\u00e8mes et projets de recherche<\/h2><\/div><div class=\"fusion-clearfix\"><\/div><div class=\"content-container\" style=\"padding-left:33px;color:#747474;\">\n<p>Droit des \u00c9tats-Unis\u00a0&#8211; Droits constitutionnel et administratif compar\u00e9s\u00a0&#8211; \u00c9tat et libert\u00e9s publiques<\/p>\n<\/div><\/div><\/div><div class=\"fusion-column content-box-column content-box-column content-box-column-3 col-lg-12 col-md-12 col-sm-12 fusion-content-box-hover content-box-column-last content-box-column-last-in-row\"><div class=\"col content-box-wrapper content-wrapper link-area-link-icon icon-hover-animation-none fusion-animated\" style=\"background-color:rgba(255,255,255,0);\" data-animationType=\"fadeIn\" data-animationDuration=\"0.25\" data-animationOffset=\"100%\"><div class=\"heading heading-with-icon icon-left\"><div class=\"icon\" style=\"-webkit-animation-duration: 350ms;animation-duration: 350ms;\"><i style=\"background-color:transparent;border-color:transparent;height:auto;width: 13px;line-height:normal;color:#385577;font-size:13px;\" class=\"fontawesome-icon fa-file-signature fas circle-no\"><\/i><\/div><h2 class=\"content-box-heading\" style=\"font-size:13px;line-height:18px;\">Enseignements<\/h2><\/div><div class=\"fusion-clearfix\"><\/div><div class=\"content-container\" style=\"padding-left:33px;color:#747474;\">\n<p>Droit constitutionnel<\/p>\n<p>Droit administratif<\/p>\n<p>Droit compar\u00e9<\/p>\n<\/div><\/div><\/div><style type=\"text\/css\">\n\t\t\t\t\t\t.fusion-content-boxes-1 .fusion-content-box-hover .heading-link:hover .icon i.circle-yes,\n\t\t\t\t\t\t.fusion-content-boxes-1 .fusion-content-box-hover .link-area-box:hover .heading-link .icon i.circle-yes,\n\t\t\t\t\t\t.fusion-content-boxes-1 .fusion-content-box-hover .link-area-link-icon-hover .heading .icon i.circle-yes,\n\t\t\t\t\t\t.fusion-content-boxes-1 .fusion-content-box-hover .link-area-box-hover .heading .icon i.circle-yes {\n\t\t\t\t\t\t\tbackground-color: #e0cb55 !important;\n\t\t\t\t\t\t\tborder-color: #e0cb55 !important;\n\t\t\t\t\t\t}<\/style><div class=\"fusion-clearfix\"><\/div><\/div><div class=\"fusion-clearfix\"><\/div><\/div><\/div><div  class=\"fusion-layout-column fusion_builder_column fusion_builder_column_2_3 fusion-builder-column-1 fusion-two-third fusion-column-last 2_3\"  style='margin-top:0px;margin-bottom:20px;width:66.66%;width:calc(66.66% - ( ( 4% ) * 0.6666 ) );'><div class=\"fusion-column-wrapper\" style=\"padding: 0px 0px 0px 0px;background-position:left top;background-repeat:no-repeat;-webkit-background-size:cover;-moz-background-size:cover;-o-background-size:cover;background-size:cover;\"   data-bg-url=\"\"><div class=\"fusion-text\"><h1>Pr\u00e9sentation<\/h1>\n<p>Maud Michaut est ma\u00eetresse de conf\u00e9rences en droit public \u00e0 l\u2019universit\u00e9 Paris-Panth\u00e9on-Assas. Ses travaux de recherche portent principalement sur le droit constitutionnel et le droit administratif des \u00c9tats-Unis, mais elle s\u2019int\u00e9resse \u00e9galement au droit des libert\u00e9s, \u00e0 l\u2019histoire de la pens\u00e9e juridique et \u00e0 la th\u00e9orie de l\u2019\u00c9tat.<\/p>\n<p>Elle est membre du conseil de r\u00e9daction de la revue <em>Jus Politicum<\/em>.<\/p>\n<p>Elle a \u00e9t\u00e9 chercheuse invit\u00e9e \u00e0 la Facult\u00e9 de droit de Yale (\u00c9tats-Unis) et \u00e0 l\u2019Universit\u00e9 d\u2019Ottawa (Canada).<\/p>\n<\/div><style type=\"text\/css\">@media only screen and (max-width:800px) {.fusion-title.fusion-title-1{margin-top:10px!important;margin-bottom:10px!important;}}<\/style><div class=\"fusion-title title fusion-title-1 fusion-sep-none fusion-title-text fusion-title-size-one\" style=\"margin-top:0px;margin-bottom:31px;\"><h1 class=\"title-heading-left\" style=\"margin:0;\"><\/h1><\/div><div class=\"fusion-text\"><h1>Publications<\/h1>\n<h3><strong>Th\u00e8se <\/strong><\/h3>\n<p><em>L\u2019\u00c9tat administratif aux \u00c9tats-Unis<\/em>, th\u00e8se soutenue \u00e0 l\u2019Universit\u00e9 Paris Panth\u00e9on-Assas, 2021, 978\u00a0p.<\/p>\n<ul>\n<li>Th\u00e8se signal\u00e9e \u00e0 la revue <em>Droit administratif\u00a0<\/em>: \u00ab Ma th\u00e8se en 3000 signes \u00bb, <em> adm.<\/em> 2022, p.\u00a07\u00a0;<\/li>\n<li>Prix de th\u00e8se de l\u2019Universit\u00e9 Paris Panth\u00e9on-Assas, 2022\u00a0;<\/li>\n<li>Prix de th\u00e8se de l\u2019Association fran\u00e7aise pour la recherche en droit administratif (AFDA), 2022.<\/li>\n<\/ul>\n<p><strong>Jury\u00a0: <\/strong>Mme Manon Altwegg-Boussac, professeur \u00e0 l\u2019Universit\u00e9 Paris-Est Cr\u00e9teil (rapporteur)\u00a0; M.\u00a0Denis Baranger, professeur \u00e0 l\u2019Universit\u00e9 Paris Panth\u00e9on-Assas (directeur de th\u00e8se)\u00a0; M. Olivier Beaud, professeur \u00e0 l\u2019Universit\u00e9 Paris Panth\u00e9on-Assas (pr\u00e9sident du jury)\u00a0; M. Idris Fassassi, professeur \u00e0 l\u2019Universit\u00e9 Paris Panth\u00e9on-Assas\u00a0; Mme Anissa Hachemi, professeur \u00e0 l\u2019Universit\u00e9 Paris 8 Vincennes-Saint-Denis\u00a0; Mme C\u00e9line Roynier, professeur \u00e0 l\u2019Universit\u00e9 de CY Cergy Paris Universit\u00e9 (rapporteur).<\/p>\n<table width=\"100%\">\n<tbody>\n<tr>\n<td width=\"621\">\n<h3><strong>Articles de revue \u00e0 comit\u00e9 de lecture et chroniques<\/strong><\/h3>\n<\/td>\n<\/tr>\n<tr>\n<td width=\"621\">\u00ab\u00a0<a href=\"https:\/\/lerubicon.org\/la-mainmise-de-donald-trump-sur-la-justice-etasunienne-a-laune-des-poursuites-intentees-contre-james-comey-et-letitia-james\/\">La mainmise de Donald Trump sur la justice \u00e9tatsunienne. \u00c0 propos des poursuites p\u00e9nales dirig\u00e9es contre James Comey et Letitia James<\/a>\u00a0\u00bb, <em>Le Rubicon<\/em>, 3 avr. 2026.<\/td>\n<\/tr>\n<tr>\n<td width=\"621\">\u00ab\u00a0La pr\u00e9sidence autocratique. Chronique de droit des \u00c9tats-Unis d\u2019Am\u00e9rique (ann\u00e9e 2025)\u00a0\u00bb, <em>RDP<\/em>, n<sup>o<\/sup>\u00a01, 2026, p.\u00a0115-121.<\/td>\n<\/tr>\n<tr>\n<td width=\"621\">\u00ab\u00a0<a href=\"https:\/\/questions-constitutionnelles.fr\/chronique-de-droit-constitutionnel-etats-unien-2023-2024\/\">Chronique de droit constitutionnel \u00e9tats-unien (2023-2024)<\/a>\u00a0\u00bb, <em>Questions constitutionnelles<\/em>, 16 d\u00e9c. 2024 (avec Margaux Bouaziz, Pauline Abadie, Emma Bursztejn et Paul Langlois).<\/td>\n<\/tr>\n<tr>\n<td width=\"621\">\u00ab\u00a0La r\u00e9forme de la scolarit\u00e9 des IRA\u00a0\u00bb, <em>AJFP <\/em>2024, p. 316-318.<\/td>\n<\/tr>\n<tr>\n<td width=\"621\">\u00ab\u00a0<a href=\"https:\/\/www.juspoliticum.com\/articles\/edward-corwin-constitutionnaliste-americain-824\/\">Edward S. Corwin, constitutionnaliste am\u00e9ricain<\/a>\u00a0\u00bb, <em>Jus Politicum<\/em>, n\u00b0 11, janv. 2014 (m\u00e9moire de recherche).<\/td>\n<\/tr>\n<tr>\n<td width=\"621\">\n<h3><strong>Chapitres d\u2019ouvrage et actes de colloque<\/strong><\/h3>\n<\/td>\n<\/tr>\n<tr>\n<td width=\"621\">\u00ab\u00a0La nomination des juges et la politisation de la Cour\u00a0: actualit\u00e9s d\u2019une question ancienne\u00a0\u00bb, <em>in<\/em> Idris Fassassi\u00a0(dir.), <em>La Cour supr\u00eame des \u00c9tats-Unis en question(s)<\/em>, Institut francophone pour la Justice et la D\u00e9mocratie, 2025, p. 19-33.<\/td>\n<\/tr>\n<tr>\n<td width=\"621\">\u00ab\u00a0Regards crois\u00e9s sur la pratique des rites des administrativistes \u00e0 l\u2019\u00e9tranger\u00a0: Espagne, \u00c9tats-Unis, Japon, Angleterre\u00a0\u00bb, <em>AJDA<\/em>, n\u00b0 28, 28 juil. 2025, p. 28-40.<\/td>\n<\/tr>\n<tr>\n<td width=\"621\">\u00ab\u00a0La confiance au c\u0153ur du f\u00e9d\u00e9ralisme : l\u2019exemple des \u00c9tats-Unis \u00bb, <em>in<\/em> Alexandre\u00a0Desrameaux, Christophe\u00a0Geslot (dir.), <em>La confiance publique\u00a0: notion cardinale du droit et de l\u2019\u00c9tat\u00a0?<\/em>, Institut Francophone pour la Justice et la D\u00e9mocratie, coll. \u00ab\u00a0Colloques et essais\u00a0\u00bb, 2024.<\/td>\n<\/tr>\n<tr>\n<td width=\"621\">\u00ab\u00a0<a href=\"https:\/\/publications-prairial.fr\/droit-public-compare\/index.php?id=391\">L\u2019\u00c9tat administratif aux \u00c9tats-Unis\u00a0: une th\u00e8se de droit administratif \u00e9tranger<\/a>\u00a0\u00bb, <em>Droit Public Compar\u00e9 \u2013 Comparative Public Law<\/em>, n<sup>o<\/sup>\u00a02, 2024.<\/td>\n<\/tr>\n<tr>\n<td width=\"621\">\n<h3><strong>\u00a0<\/strong><strong>Billets de blogs juridiques et comptes rendus d\u2019ouvrages<\/strong><\/h3>\n<\/td>\n<\/tr>\n<tr>\n<td width=\"621\">\u00ab\u00a0<a href=\"https:\/\/www.leclubdesjuristes.com\/international\/etats-unis-donald-trump-peut-il-deployer-la-garde-nationale-sans-limite-12572\/\">\u00c9tats-Unis\u00a0: Donald Trump peut-il d\u00e9ployer la garde nationale sans limite\u00a0?<\/a>\u00a0\u00bb, <em>Le Club des juristes<\/em>, 22 oct. 2025.<\/td>\n<\/tr>\n<tr>\n<td width=\"621\">\u00ab\u00a0<a href=\"https:\/\/blog.juspoliticum.com\/2025\/07\/17\/le-pouvoir-du-president-des-etats-unis-de-deployer-les-forces-armees-sur-le-territoire-national-a-propos-du-memorandum-signe-par-donald-trump-le-7-juin-dernier-par-maud-michaut\/\">Le pouvoir du Pr\u00e9sident des \u00c9tats-Unis de d\u00e9ployer les forces arm\u00e9es sur le territoire national. \u00c0 propos du m\u00e9morandum sign\u00e9 par Donald Trump le 7 juin dernier<\/a>\u00a0\u00bb, <em>JP blog<\/em>, 17 juil. 2025.<\/td>\n<\/tr>\n<tr>\n<td width=\"621\">\u00ab\u00a0<a href=\"https:\/\/blog.juspoliticum.com\/2024\/08\/30\/larret-trump-v-united-states-2024-sur-limmunite-du-president-des-etats-unis-ii-une-decision-au-service-des-interets-de-donald-trump-par-maud-michaut\/\">L\u2019arr\u00eat <em>Trump v. United States<\/em> (2024) sur l\u2019immunit\u00e9 du pr\u00e9sident des \u00c9tats-Unis (II)\u00a0: Une d\u00e9cision au service des int\u00e9r\u00eats de Donald Trump<\/a>\u00a0\u00bb, <em>JP blog<\/em>, 30 ao\u00fbt 2024.<\/td>\n<\/tr>\n<tr>\n<td width=\"621\">\u00ab\u00a0<a href=\"https:\/\/blog.juspoliticum.com\/2024\/08\/29\/larret-trump-v-united-states-2024-sur-limmunite-du-president-des-etats-unis-i-la-transformation-de-la-presidence-americaine-par-maud-michaut\/\">L\u2019arr\u00eat <em>Trump v. United States<\/em> (2024) sur l\u2019immunit\u00e9 du pr\u00e9sident des \u00c9tats-Unis (I)\u00a0: La transformation de la pr\u00e9sidence am\u00e9ricaine<\/a>\u00a0\u00bb, <em>JP blog<\/em>, 29 ao\u00fbt 2024.<\/td>\n<\/tr>\n<tr>\n<td width=\"621\">\u00ab\u00a0<a href=\"https:\/\/www.leclubdesjuristes.com\/international\/les-democrates-peuvent-ils-recourir-au-25e-amendement-pour-obliger-joe-biden-a-se-retirer-6610\/\">Les d\u00e9mocrates pouvaient-ils recourir au 25<sup>e<\/sup> Amendement pour obliger Joe Biden \u00e0 se retirer<\/a>\u00a0\u00bb, <em>Le Club des juristes<\/em>, 16 juil. 2024.<\/td>\n<\/tr>\n<tr>\n<td width=\"621\">\u00ab\u00a0<a href=\"https:\/\/blog.juspoliticum.com\/2022\/04\/07\/comment-la-cour-supreme-des-etats-unis-deconstruit-letat-administratif-americain-a-propos-de-lordonnance-federation-of-independent-business-v-department-of-labor-595-u-s-__-202\/\">Comment la Cour supr\u00eame des \u00c9tats-Unis d\u00e9construit l\u2019\u00c9tat administratif am\u00e9ricain. \u00c0 propos de l\u2019ordonnance <em>Federation of Independent Business v. Department of Labor<\/em>, 595 U.S. ___ (2022)<\/a>\u00a0\u00bb, <em>JP blog<\/em>, 7 avr. 2022.<\/td>\n<\/tr>\n<tr>\n<td width=\"621\">Recension de l\u2019ouvrage de Jerry L. Mashaw, <em>Reasoned Administration and Democratic Legitimacy: How Administrative Law Supports Democratic Government<\/em> (Cambridge, New York, Cambridge University Press, 2018), <em>RFDA<\/em> 2022, p.\u00a0787.<\/td>\n<\/tr>\n<tr>\n<td width=\"621\">\u00ab\u00a0<a href=\"https:\/\/blog.juspoliticum.com\/2020\/10\/14\/de-la-contestation-de-lelection-presidentielle-aux-etats-unis-par-maud-michaut\/\">De la contestation de l\u2019\u00e9lection pr\u00e9sidentielle aux \u00c9tats-Unis<\/a>\u00a0\u00bb, <em>JP blog<\/em>, 14 oct. 2020.<\/td>\n<\/tr>\n<tr>\n<td width=\"621\">\u00ab\u00a0<a href=\"https:\/\/blog.juspoliticum.com\/2020\/04\/14\/crise-du-covid-19-et-federalisme-aux-etats-unis-par-mathilde-laporte-et-maud-michaut\/\">Crise du COVID-19 et f\u00e9d\u00e9ralisme aux \u00c9tats-Unis<\/a>\u00a0\u00bb, <em>JP blog<\/em>, 14 avr. 2020, repr. <em>in <\/em>Denis Baranger, Olivier\u00a0Beaud, C\u00e9cile Gu\u00e9rin-Bargues (dir.), <em>Les d\u00e9mocraties face au Covid<\/em>, \u00c9d.\u00a0Panth\u00e9on-Assas, 2023, p.\u00a0261\u2011266 (avec Mathilde Laporte).<\/td>\n<\/tr>\n<tr>\n<td width=\"621\">\u00ab\u00a0<a href=\"https:\/\/blog.juspoliticum.com\/2019\/02\/07\/donald-trump-le-mur-et-les-pouvoirs-durgence-du-president-des-etats-unis-par-maud-michaut\/\">Donald Trump, le mur et les pouvoirs d\u2019urgence du pr\u00e9sident des \u00c9tats-Unis<\/a>\u00a0\u00bb, <em>JP blog<\/em>, 7 f\u00e9v. 2019, repr. <em>in <\/em>Denis Baranger, Olivier\u00a0Beaud (dir.), <em>L\u2019\u00c9tat de la Constitution 2018-2019<\/em>, \u00c9d.\u00a0Panth\u00e9on-Assas, 2020, p.\u00a0185\u2011190.<\/td>\n<\/tr>\n<tr>\n<td width=\"621\">\u00ab\u00a0<a href=\"https:\/\/blog.juspoliticum.com\/2017\/04\/18\/le-president-des-etats-unis-peut-il-etre-attrait-devant-le-tribunal-dun-etat-federe-a-propos-de-laffaire-zervos-v-trump\/\">Le pr\u00e9sident des \u00c9tats-Unis peut-il \u00eatre attrait devant le tribunal d\u2019un \u00c9tat f\u00e9d\u00e9r\u00e9\u00a0? \u00c0 propos de l\u2019affaire <em>Zervos v. Trump<\/em><\/a>\u00a0\u00bb, <em>JP blog<\/em>, 18 avr. 2017, repr. <em>in <\/em>Denis\u00a0Baranger, Olivier\u00a0Beaud (dir.), <em>L\u2019\u00c9tat de la Constitution 2017<\/em>, p.\u00a0218\u2011224.<\/td>\n<\/tr>\n<tr>\n<td width=\"621\">\u00ab\u00a0<a href=\"https:\/\/blog.juspoliticum.com\/2017\/02\/08\/proteger-la-nation-de-lentree-de-terroristes-etrangers-aux-etats-unis-la-contestation-de-lexecutive-order-devant-les-cours\/\">\u00ab\u00a0Prot\u00e9ger la nation de l\u2019entr\u00e9e de terroristes \u00e9trangers aux \u00c9tats-Unis\u00a0\u00bb\u00a0: la contestation de l\u2019<em>executive order <\/em>devant les cours<\/a>\u00a0\u00bb, <em>JP blog,<\/em> 8 f\u00e9v. 2017, repr. <em>in<\/em> Denis Baranger, Olivier\u00a0Beaud\u00a0(dir.), <em>L\u2019\u00c9tat de la Constitution 2017<\/em>, p.\u00a0197\u2011205 (avec Mathilde\u00a0Laporte).<\/td>\n<\/tr>\n<tr>\n<td width=\"621\">\u00ab\u00a0<a href=\"https:\/\/blog.juspoliticum.com\/2017\/02\/06\/proteger-la-nation-de-lentree-de-terroristes-etrangers-aux-etats-unis-lexecutive-order-du-27-janvier-2017\/\">\u00ab\u00a0Prot\u00e9ger la nation de l\u2019entr\u00e9e de terroristes \u00e9trangers aux \u00c9tats-Unis\u00a0\u00bb\u00a0: pr\u00e9sentation et traduction de l\u2019<em>executive order <\/em>du 27 janvier 2017<\/a>\u00a0\u00bb, <em>JP blog,<\/em> 6 f\u00e9v. 2017, repr. <em>in<\/em> Denis Baranger, Olivier\u00a0Beaud (dir.), <em>L\u2019\u00c9tat de la Constitution 2017<\/em>, p.\u00a0184\u2011192 (avec Mathilde\u00a0Laporte).<\/td>\n<\/tr>\n<\/tbody>\n<\/table>\n<h1><strong>Responsabilit\u00e9s administratives<\/strong><\/h1>\n<p>Charg\u00e9e de mission aupr\u00e8s de la directrice de l\u2019Institut de pr\u00e9paration \u00e0 l\u2019administration g\u00e9n\u00e9rale de Paris (2023-2024).<\/p>\n<\/div><div class=\"fusion-clearfix\"><\/div><\/div><\/div><\/div><\/div>\n","protected":false},"excerpt":{"rendered":"","protected":false},"author":1,"featured_media":0,"parent":14,"menu_order":0,"comment_status":"closed","ping_status":"closed","template":"","meta":{"footnotes":""},"_links":{"self":[{"href":"https:\/\/institutvilley.com\/index.php?rest_route=\/wp\/v2\/pages\/128"}],"collection":[{"href":"https:\/\/institutvilley.com\/index.php?rest_route=\/wp\/v2\/pages"}],"about":[{"href":"https:\/\/institutvilley.com\/index.php?rest_route=\/wp\/v2\/types\/page"}],"author":[{"embeddable":true,"href":"https:\/\/institutvilley.com\/index.php?rest_route=\/wp\/v2\/users\/1"}],"replies":[{"embeddable":true,"href":"https:\/\/institutvilley.com\/index.php?rest_route=%2Fwp%2Fv2%2Fcomments&post=128"}],"version-history":[{"count":18,"href":"https:\/\/institutvilley.com\/index.php?rest_route=\/wp\/v2\/pages\/128\/revisions"}],"predecessor-version":[{"id":3930,"href":"https:\/\/institutvilley.com\/index.php?rest_route=\/wp\/v2\/pages\/128\/revisions\/3930"}],"up":[{"embeddable":true,"href":"https:\/\/institutvilley.com\/index.php?rest_route=\/wp\/v2\/pages\/14"}],"wp:attachment":[{"href":"https:\/\/institutvilley.com\/index.php?rest_route=%2Fwp%2Fv2%2Fmedia&parent=128"}],"curies":[{"name":"wp","href":"https:\/\/api.w.org\/{rel}","templated":true}]}}