{"id":122,"date":"2019-02-07T12:29:44","date_gmt":"2019-02-07T12:29:44","guid":{"rendered":"http:\/\/institutvilley.com\/?page_id=122"},"modified":"2022-10-11T12:55:32","modified_gmt":"2022-10-11T12:55:32","slug":"quentin-epron","status":"publish","type":"page","link":"https:\/\/institutvilley.com\/?page_id=122","title":{"rendered":"Quentin Epron"},"content":{"rendered":"<div class=\"fusion-fullwidth fullwidth-box fusion-builder-row-1 nonhundred-percent-fullwidth non-hundred-percent-height-scrolling\"  style='background-color: rgba(255,255,255,0);background-position: center center;background-repeat: no-repeat;padding-top:0px;padding-right:0px;padding-bottom:0px;padding-left:0px;'><div class=\"fusion-builder-row fusion-row \"><div  class=\"fusion-layout-column fusion_builder_column fusion_builder_column_1_4 fusion-builder-column-0 fusion-one-fourth fusion-column-first 1_4\"  style='margin-top:0px;margin-bottom:20px;width:25%;width:calc(25% - ( ( 4% ) * 0.25 ) );margin-right: 4%;'><div class=\"fusion-column-wrapper\" style=\"padding: 0px 0px 0px 0px;background-position:left top;background-repeat:no-repeat;-webkit-background-size:cover;-moz-background-size:cover;-o-background-size:cover;background-size:cover;\"   data-bg-url=\"\"><div class=\"fusion-person person fusion-person-center fusion-person-1 fusion-person-icon-top\"><div class=\"person-desc\"><div class=\"person-author\"><div class=\"person-author-wrapper\"><span class=\"person-name\">Quentin Epron<\/span><span class=\"person-title\">Ma\u00eetre de conf\u00e9rences en droit public<\/span><\/div><div class=\"fusion-social-networks\"><div class=\"fusion-social-networks-wrapper\"><a class=\"fusion-social-network-icon fusion-tooltip fusion-mail fusion-icon-mail\" aria-label=\"fusion-mail\" href=\"mailto:q&#117;e&#110;tin.epron&#064;u&#045;paris&#050;.&#102;r\" target=\"_self\" style=\"color:#bebdbd;font-size:16px;\" data-placement=\"top\" data-title=\"Mail\" title=\"Mail\" data-toggle=\"tooltip\"><\/a><\/div><\/div><\/div><div class=\"person-content fusion-clearfix\"><\/div><\/div><\/div><div class=\"fusion-content-boxes content-boxes columns row fusion-columns-1 fusion-columns-total-3 fusion-content-boxes-1 content-boxes-timeline-vertical content-left content-boxes-timeline-layout content-boxes-icon-with-title fusion-delayed-animation\" data-animation-delay=\"350\" data-animationOffset=\"100%\" style=\"margin-top:0px;margin-bottom:60px;\"><style type=\"text\/css\">.fusion-content-boxes-1 .heading .content-box-heading {color:#333333;}\n\t\t\t\t\t.fusion-content-boxes-1 .fusion-content-box-hover .link-area-link-icon-hover .heading .content-box-heading,\n\t\t\t\t\t.fusion-content-boxes-1 .fusion-content-box-hover .link-area-link-icon-hover .heading .heading-link .content-box-heading,\n\t\t\t\t\t.fusion-content-boxes-1 .fusion-content-box-hover .link-area-box-hover .heading .content-box-heading,\n\t\t\t\t\t.fusion-content-boxes-1 .fusion-content-box-hover .link-area-box-hover .heading .heading-link .content-box-heading,\n\t\t\t\t\t.fusion-content-boxes-1 .fusion-content-box-hover .link-area-link-icon-hover.link-area-box .fusion-read-more,\n\t\t\t\t\t.fusion-content-boxes-1 .fusion-content-box-hover .link-area-link-icon-hover.link-area-box .fusion-read-more::after,\n\t\t\t\t\t.fusion-content-boxes-1 .fusion-content-box-hover .link-area-link-icon-hover.link-area-box .fusion-read-more::before,\n\t\t\t\t\t.fusion-content-boxes-1 .fusion-content-box-hover .fusion-read-more:hover:after,\n\t\t\t\t\t.fusion-content-boxes-1 .fusion-content-box-hover .fusion-read-more:hover:before,\n\t\t\t\t\t.fusion-content-boxes-1 .fusion-content-box-hover .fusion-read-more:hover,\n\t\t\t\t\t.fusion-content-boxes-1 .fusion-content-box-hover .link-area-box-hover.link-area-box .fusion-read-more,\n\t\t\t\t\t.fusion-content-boxes-1 .fusion-content-box-hover .link-area-box-hover.link-area-box .fusion-read-more::after,\n\t\t\t\t\t.fusion-content-boxes-1 .fusion-content-box-hover .link-area-box-hover.link-area-box .fusion-read-more::before,\n\t\t\t\t\t.fusion-content-boxes-1 .fusion-content-box-hover .link-area-link-icon-hover .icon .circle-no,\n\t\t\t\t\t.fusion-content-boxes-1 .heading .heading-link:hover .content-box-heading {\n\t\t\t\t\t\tcolor: #e0cb55;\n\t\t\t\t\t}\n\t\t\t\t\t.fusion-content-boxes-1 .fusion-content-box-hover .link-area-box-hover .icon .circle-no {\n\t\t\t\t\t\tcolor: #e0cb55 !important;\n\t\t\t\t\t}.fusion-content-boxes-1 .fusion-content-box-hover .link-area-box.link-area-box-hover .fusion-content-box-button {background: #96c346;color: #ffffff;}.fusion-content-boxes-1 .fusion-content-box-hover .link-area-box.link-area-box-hover .fusion-content-box-button .fusion-button-text {color: #ffffff;}\n\t\t\t\t\t.fusion-content-boxes-1 .fusion-content-box-hover .link-area-link-icon-hover .heading .icon > span {\n\t\t\t\t\t\tbackground-color: #e0cb55 !important;\n\t\t\t\t\t}\n\t\t\t\t\t.fusion-content-boxes-1 .fusion-content-box-hover .link-area-box-hover .heading .icon > span {\n\t\t\t\t\t\tborder-color: #e0cb55 !important;\n\t\t\t\t\t}<\/style><div class=\"fusion-column content-box-column content-box-column content-box-column-1 col-lg-12 col-md-12 col-sm-12 fusion-content-box-hover content-box-column-last-in-row\"><div class=\"col content-box-wrapper content-wrapper link-area-link-icon icon-hover-animation-fade fusion-animated\" style=\"background-color:rgba(255,255,255,0);\" data-animationType=\"fadeIn\" data-animationDuration=\"0.25\" data-animationOffset=\"100%\"><div class=\"heading heading-with-icon icon-left\"><div class=\"icon\" style=\"-webkit-animation-duration: 350ms;animation-duration: 350ms;\"><i style=\"background-color:transparent;border-color:transparent;height:auto;width: 13px;line-height:normal;color:#385577;font-size:13px;\" class=\"fontawesome-icon fa-university fas circle-no\"><\/i><\/div><h2 class=\"content-box-heading\" style=\"font-size:13px;line-height:18px;\">Enseignements<\/h2><\/div><div class=\"fusion-clearfix\"><\/div><div class=\"content-container\" style=\"padding-left:33px;color:#747474;\">\n<p>Droit constitutionnel<br \/>\nHistoire de la pens\u00e9e juridique<br \/>\nDroit compar\u00e9<\/p>\n<\/div><\/div><\/div><div class=\"fusion-column content-box-column content-box-column content-box-column-2 col-lg-12 col-md-12 col-sm-12 fusion-content-box-hover content-box-column-last-in-row\"><div class=\"col content-box-wrapper content-wrapper link-area-link-icon icon-hover-animation-fade fusion-animated\" style=\"background-color:rgba(255,255,255,0);\" data-animationType=\"fadeIn\" data-animationDuration=\"0.25\" data-animationOffset=\"100%\"><div class=\"heading heading-with-icon icon-left\"><div class=\"icon\" style=\"-webkit-animation-duration: 350ms;animation-duration: 350ms;\"><i style=\"background-color:transparent;border-color:transparent;height:auto;width: 13px;line-height:normal;color:#385577;font-size:13px;\" class=\"fontawesome-icon fa-search fas circle-no\"><\/i><\/div><h2 class=\"content-box-heading\" style=\"font-size:13px;line-height:18px;\">Th\u00e8mes de recherches<\/h2><\/div><div class=\"fusion-clearfix\"><\/div><div class=\"content-container\" style=\"padding-left:33px;color:#747474;\">\n<p>Droit public<br \/>\nHistoire de la pens\u00e9e juridique<br \/>\nPhilosophie du droit<\/p>\n<\/div><\/div><\/div><div class=\"fusion-column content-box-column content-box-column content-box-column-3 col-lg-12 col-md-12 col-sm-12 fusion-content-box-hover content-box-column-last content-box-column-last-in-row\"><div class=\"col content-box-wrapper content-wrapper link-area-link-icon icon-hover-animation-fade fusion-animated\" style=\"background-color:rgba(255,255,255,0);\" data-animationType=\"fadeIn\" data-animationDuration=\"0.25\" data-animationOffset=\"100%\"><div class=\"heading heading-with-icon icon-left\"><div class=\"icon\" style=\"-webkit-animation-duration: 350ms;animation-duration: 350ms;\"><i style=\"background-color:transparent;border-color:transparent;height:auto;width: 13px;line-height:normal;color:#385577;font-size:13px;\" class=\"fontawesome-icon fa-file-signature fas circle-no\"><\/i><\/div><h2 class=\"content-box-heading\" style=\"font-size:13px;line-height:18px;\">Contact<\/h2><\/div><div class=\"fusion-clearfix\"><\/div><div class=\"content-container\" style=\"padding-left:33px;color:#747474;\">\n<p>Institut Michel Villey<br \/>\nUniversit\u00e9 Paris II Panth\u00e9on-Assas<br \/>\n12, place du Panth\u00e9on<br \/>\n75231 Paris Cedex 05<\/p>\n<p>Biblioth\u00e8que &amp; Secr\u00e9tariat : Mr William Abitbol<br \/>\n01 44 41 89 92<br \/>\ninst.mvilley@u-paris2.fr<\/p>\n<\/div><\/div><\/div><style type=\"text\/css\">\n\t\t\t\t\t\t.fusion-content-boxes-1 .fusion-content-box-hover .heading-link:hover .icon i.circle-yes,\n\t\t\t\t\t\t.fusion-content-boxes-1 .fusion-content-box-hover .link-area-box:hover .heading-link .icon i.circle-yes,\n\t\t\t\t\t\t.fusion-content-boxes-1 .fusion-content-box-hover .link-area-link-icon-hover .heading .icon i.circle-yes,\n\t\t\t\t\t\t.fusion-content-boxes-1 .fusion-content-box-hover .link-area-box-hover .heading .icon i.circle-yes {\n\t\t\t\t\t\t\tbackground-color: #e0cb55 !important;\n\t\t\t\t\t\t\tborder-color: #e0cb55 !important;\n\t\t\t\t\t\t}<\/style><div class=\"fusion-clearfix\"><\/div><\/div><div class=\"fusion-clearfix\"><\/div><\/div><\/div><div  class=\"fusion-layout-column fusion_builder_column fusion_builder_column_2_3 fusion-builder-column-1 fusion-two-third fusion-column-last 2_3\"  style='margin-top:0px;margin-bottom:20px;width:66.66%;width:calc(66.66% - ( ( 4% ) * 0.6666 ) );'><div class=\"fusion-column-wrapper\" style=\"padding: 0px 0px 0px 0px;background-position:left top;background-repeat:no-repeat;-webkit-background-size:cover;-moz-background-size:cover;-o-background-size:cover;background-size:cover;\"   data-bg-url=\"\"><div class=\"fusion-text\"><h1>Pr\u00e9sentation<\/h1>\n<p>Quentin Epron est ma\u00eetre de conf\u00e9rences en droit public \u00e0 l\u2019universit\u00e9 Panth\u00e9on-Assas Paris II.<\/p>\n<p>Il est vice-pr\u00e9sident de l\u2019universit\u00e9 Panth\u00e9on-Assas Paris II, en charge de la vie \u00e9tudiante et du campus de Melun.<\/p>\n<p>Il enseigne le droit public g\u00e9n\u00e9ral, en particulier le droit constitutionnel, le droit compar\u00e9 et l\u2019histoire de la pens\u00e9e juridique.<\/p>\n<p>Il est membre de l\u2019Institut Michel Villey pour la culture juridique et la philosophie du droit et, au sein de l\u2019universit\u00e9 Panth\u00e9on-Assas Paris II, membre du conseil d\u2019UFR des 2<sup>\u00e8me<\/sup> et 3<sup>\u00e8me<\/sup> cycles de droit et de science politique.<\/p>\n<p>Il est \u00e9galement membre du conseil national des universit\u00e9s (section 02 \u2013 droit public).<\/p>\n<p>Ses travaux portent \u00e0 titre principal sur le droit constitutionnel et l\u2019histoire de la pens\u00e9e juridique et ont \u00e9t\u00e9 publi\u00e9s dans diverses revues ou ouvrages. Il est membre du conseil de r\u00e9daction de la revue <em>Jus politicum<\/em>.<\/p>\n<p>Il a enseign\u00e9 \u00e0 la fois en France et \u00e0 l\u2019\u00e9tranger et a \u00e9t\u00e9 chercheur associ\u00e9 \u00e0 la Facult\u00e9 de droit de Yale.<\/p>\n<\/div><div class=\"fusion-text\"><h1>Publications<\/h1>\n<p><strong>I. Th\u00e8se de doctorat<\/strong><\/p>\n<p><i>La mani\u00e8re fran\u00e7aise du droit. Contribution \u00e0 l\u2019histoire des m\u00e9thodes juridiques de l\u2019Humanisme aux pr\u00e9-Lumi\u00e8res<\/i>, th\u00e8se soutenue en 2006 \u00e0 l\u2019Universit\u00e9 Paris II Panth\u00e9on-Assas.<\/p>\n<p>Prix de th\u00e8se de l\u2019Universit\u00e9 Paris II Panth\u00e9on-Assas.<\/p>\n<p>Prix Maurice Picard de la Chancellerie des Universit\u00e9s de Paris.<\/p>\n<p><strong>II. Articles<\/strong><\/p>\n<p><img loading=\"lazy\" decoding=\"async\" class=\"puce\" src=\"http:\/\/institutvilley.com\/local\/cache-vignettes\/L8xH11\/puce-32883.gif\" alt=\"-\" width=\"8\" height=\"11\" \/>\u00ab Comment comprendre le d\u00e9partementalisme am\u00e9ricain ? \u00bb, in Arnaud Le Pillou\u00ebr (dir.), L<em>a protection de la Constitution. Finalit\u00e9s, m\u00e9canismes, justifications<\/em>, Presses universitaires juridiques, Paris, 2018.<\/p>\n<p><img loading=\"lazy\" decoding=\"async\" class=\"puce\" src=\"http:\/\/institutvilley.com\/local\/cache-vignettes\/L8xH11\/puce-32883.gif\" alt=\"-\" width=\"8\" height=\"11\" \/>\u00ab Les sanctions administratives dans la loi Hamon \u00bb, in <em>Essais de philosophie p\u00e9nale et de criminologie<\/em>, vol. 12, Paris, Dalloz, 2017, p. 159-168.<\/p>\n<p><img loading=\"lazy\" decoding=\"async\" class=\"puce\" src=\"http:\/\/institutvilley.com\/local\/cache-vignettes\/L8xH11\/puce-32883.gif\" alt=\"-\" width=\"8\" height=\"11\" \/>\u00ab Une crise constitutionnelle am\u00e9ricaine ? \u00bb, <em>Blog de Jus Politicum<\/em>, ( 7 f\u00e9vrier 2017) http:\/\/blog.juspoliticum.com\/2017\/02\/07\/une-crise-constitutionnelle-<br \/>\namericaine\/<\/p>\n<p><img loading=\"lazy\" decoding=\"async\" class=\"puce\" src=\"http:\/\/institutvilley.com\/local\/cache-vignettes\/L8xH11\/puce-32883.gif\" alt=\"-\" width=\"8\" height=\"11\" \/>\u00a0\u00ab\u00a0Les sanctions en droit administratif. Le cas des autorit\u00e9s administratives ind\u00e9pendantes.\u00a0\u00bb, in C\u00e9cile Chainais et Dominique Fenouillet (dir.),\u00a0<i>Les sanctions en droit contemporain. Vol. 1 La sanction entre technique et politique<\/i>, Paris, Dalloz, 2012.<\/p>\n<p><img loading=\"lazy\" decoding=\"async\" class=\"puce\" src=\"http:\/\/institutvilley.com\/local\/cache-vignettes\/L8xH11\/puce-32883.gif\" alt=\"-\" width=\"8\" height=\"11\" \/>\u00a0\u00ab\u00a0Le statut des autorit\u00e9s de r\u00e9gulation et la s\u00e9paration des pouvoirs\u00a0\u00bb,\u00a0<i>Revue fran\u00e7aise de droit administratif<\/i>, n\u00b05, 2011, p. 1007-1018 et\u00a0<a class=\"spip_out\" href=\"http:\/\/www.ius-publicum.com\/repository\/uploads\/15_06_2012_12_00-Epron_Articlemai2012_TEMPLATE2def.pdf\" rel=\"external\"><i>Jus publicum<\/i>, n\u00b02, 2012<\/a>.<\/p>\n<p><img loading=\"lazy\" decoding=\"async\" class=\"puce\" src=\"http:\/\/institutvilley.com\/local\/cache-vignettes\/L8xH11\/puce-32883.gif\" alt=\"-\" width=\"8\" height=\"11\" \/>\u00a0\u00ab\u00a0Maurice Hauriou au prisme am\u00e9ricain. Pr\u00e9sentation d\u2019un article m\u00e9connu \u00e0 la\u00a0<i>Harvard law review<\/i>\u00a0\u00bb,\u00a0<i>Jus politicum<\/i>, n\u00b06, 2011.<\/p>\n<p><img loading=\"lazy\" decoding=\"async\" class=\"puce\" src=\"http:\/\/institutvilley.com\/local\/cache-vignettes\/L8xH11\/puce-32883.gif\" alt=\"-\" width=\"8\" height=\"11\" \/>\u00a0\u00ab\u00a0Le temps de parole audiovisuel des personnalit\u00e9s politiques\u00a0\u00bb,\u00a0<i>Jus politicum<\/i>, n\u00b04, 2010, 39 p.<\/p>\n<p><img loading=\"lazy\" decoding=\"async\" class=\"puce\" src=\"http:\/\/institutvilley.com\/local\/cache-vignettes\/L8xH11\/puce-32883.gif\" alt=\"-\" width=\"8\" height=\"11\" \/>\u00a0\u00ab\u00a0Les contrats de subvention\u00a0\u00bb,\u00a0<i>Revue du droit public et de la science politique en France et \u00e0 l\u2019\u00e9tranger<\/i>, 2010, n\u00b01, p. 63-89.<\/p>\n<p><img loading=\"lazy\" decoding=\"async\" class=\"puce\" src=\"http:\/\/institutvilley.com\/local\/cache-vignettes\/L8xH11\/puce-32883.gif\" alt=\"-\" width=\"8\" height=\"11\" \/>\u00a0\u00ab\u00a0Camus (Armand \u2013 Gaston)\u00a0\u00bb, \u00ab\u00a0Delamare (Nicolas)\u00a0\u00bb et \u00ab\u00a0Dupuy (Pierre)\u00a0\u00bb in Patrick Arabeyre, Jean-Louis Halp\u00e9rin et Jacques Krynen (dir.),\u00a0<i>Dictionnaire historique des juristes fran\u00e7ais, XII<sup class=\"typo_exposants\">e<\/sup>-XX<sup class=\"typo_exposants\">e<\/sup>\u00a0si\u00e8cle<\/i>, Paris, PUF, 2007, p. 156-157, 236-237 et 288-289.<\/p>\n<p><img loading=\"lazy\" decoding=\"async\" class=\"puce\" src=\"http:\/\/institutvilley.com\/local\/cache-vignettes\/L8xH11\/puce-32883.gif\" alt=\"-\" width=\"8\" height=\"11\" \/>\u00a0\u00ab\u00a0Nicolas Delamare et la culture juridique fran\u00e7aise des pr\u00e9-Lumi\u00e8res\u00a0\u00bb,\u00a0<i>Revue d\u2019histoire des Facult\u00e9s de droit et de la Science juridique<\/i>, n\u00b024, 2004, p. 9-33.<\/p>\n<p><img loading=\"lazy\" decoding=\"async\" class=\"puce\" src=\"http:\/\/institutvilley.com\/local\/cache-vignettes\/L8xH11\/puce-32883.gif\" alt=\"-\" width=\"8\" height=\"11\" \/>\u00a0\u00ab\u00a0Armand-Gaston Camus. Du gallicanisme \u00e0 la Constitution civile du clerg\u00e9\u00a0\u00bb,\u00a0<i>Droits<\/i>, n\u00b0\u00a039, 2004, p. 77-90.<\/p>\n<p><img loading=\"lazy\" decoding=\"async\" class=\"puce\" src=\"http:\/\/institutvilley.com\/local\/cache-vignettes\/L8xH11\/puce-32883.gif\" alt=\"-\" width=\"8\" height=\"11\" \/>\u00a0\u00ab\u00a0Gallicanisme\u00a0\u00bb, in Denis Alland et St\u00e9phane Rials (dir.),\u00a0<i>Dictionnaire de la culture juridique<\/i>, Paris, PUF, 2003, p. 761-765.<\/p>\n<p><img loading=\"lazy\" decoding=\"async\" class=\"puce\" src=\"http:\/\/institutvilley.com\/local\/cache-vignettes\/L8xH11\/puce-32883.gif\" alt=\"-\" width=\"8\" height=\"11\" \/>\u00a0\u00ab\u00a0Le gallicanisme a-t-il connu l\u2019id\u00e9e d\u2019un ordre juridique\u00a0?\u00a0\u00bb,\u00a0<i>Droits<\/i>, n\u00b035, 2002, p. 3-24.<\/p>\n<p><img loading=\"lazy\" decoding=\"async\" class=\"puce\" src=\"http:\/\/institutvilley.com\/local\/cache-vignettes\/L8xH11\/puce-32883.gif\" alt=\"-\" width=\"8\" height=\"11\" \/>\u00a0\u00ab\u00a0La repr\u00e9sentation successorale, r\u00e9alit\u00e9 coutumi\u00e8re, fiction savante\u00a0\u00bb,\u00a0<i>Droits<\/i>, n\u00b031, 2000, p. 127-158.<\/p>\n<\/div><div class=\"fusion-clearfix\"><\/div><\/div><\/div><\/div><\/div>\n","protected":false},"excerpt":{"rendered":"","protected":false},"author":1,"featured_media":0,"parent":14,"menu_order":0,"comment_status":"closed","ping_status":"closed","template":"","meta":{"footnotes":""},"_links":{"self":[{"href":"https:\/\/institutvilley.com\/index.php?rest_route=\/wp\/v2\/pages\/122"}],"collection":[{"href":"https:\/\/institutvilley.com\/index.php?rest_route=\/wp\/v2\/pages"}],"about":[{"href":"https:\/\/institutvilley.com\/index.php?rest_route=\/wp\/v2\/types\/page"}],"author":[{"embeddable":true,"href":"https:\/\/institutvilley.com\/index.php?rest_route=\/wp\/v2\/users\/1"}],"replies":[{"embeddable":true,"href":"https:\/\/institutvilley.com\/index.php?rest_route=%2Fwp%2Fv2%2Fcomments&post=122"}],"version-history":[{"count":18,"href":"https:\/\/institutvilley.com\/index.php?rest_route=\/wp\/v2\/pages\/122\/revisions"}],"predecessor-version":[{"id":2784,"href":"https:\/\/institutvilley.com\/index.php?rest_route=\/wp\/v2\/pages\/122\/revisions\/2784"}],"up":[{"embeddable":true,"href":"https:\/\/institutvilley.com\/index.php?rest_route=\/wp\/v2\/pages\/14"}],"wp:attachment":[{"href":"https:\/\/institutvilley.com\/index.php?rest_route=%2Fwp%2Fv2%2Fmedia&parent=122"}],"curies":[{"name":"wp","href":"https:\/\/api.w.org\/{rel}","templated":true}]}}